{"id":1536,"date":"2020-08-13T17:05:56","date_gmt":"2020-08-13T20:05:56","guid":{"rendered":"http:\/\/cdmf.org.br\/e-meeting\/?page_id=1536"},"modified":"2021-07-29T08:40:11","modified_gmt":"2021-07-29T11:40:11","slug":"inscreva-se","status":"publish","type":"page","link":"http:\/\/cdmf.org.br\/e-meeting\/inscreva-se\/","title":{"rendered":"Inscreva-se!"},"content":{"rendered":"<p><iframe id=\"JotFormIFrame-212093522641650\" style=\"min-width: 100%; height: 2539px; border: none;\" title=\"Formul\u00e1rio de Inscri\u00e7\u00f5es | E-Meeting 2021\" src=\"https:\/\/form.jotform.com\/212093522641650\" frameborder=\"0\" scrolling=\"no\" allowfullscreen=\"allowfullscreen\"><span data-mce-type=\"bookmark\" style=\"display: inline-block; width: 0px; overflow: hidden; line-height: 0;\" class=\"mce_SELRES_start\">\ufeff<\/span><br \/>\n<\/iframe><\/p>\n","protected":false},"excerpt":{"rendered":"<p>\ufeff<\/p>\n","protected":false},"author":1,"featured_media":0,"parent":0,"menu_order":0,"comment_status":"closed","ping_status":"closed","template":"","meta":{"_monsterinsights_skip_tracking":false,"_monsterinsights_sitenote_active":false,"_monsterinsights_sitenote_note":"","_monsterinsights_sitenote_category":0,"footnotes":""},"class_list":["post-1536","page","type-page","status-publish","hentry"],"_links":{"self":[{"href":"http:\/\/cdmf.org.br\/e-meeting\/wp-json\/wp\/v2\/pages\/1536","targetHints":{"allow":["GET"]}}],"collection":[{"href":"http:\/\/cdmf.org.br\/e-meeting\/wp-json\/wp\/v2\/pages"}],"about":[{"href":"http:\/\/cdmf.org.br\/e-meeting\/wp-json\/wp\/v2\/types\/page"}],"author":[{"embeddable":true,"href":"http:\/\/cdmf.org.br\/e-meeting\/wp-json\/wp\/v2\/users\/1"}],"replies":[{"embeddable":true,"href":"http:\/\/cdmf.org.br\/e-meeting\/wp-json\/wp\/v2\/comments?post=1536"}],"version-history":[{"count":11,"href":"http:\/\/cdmf.org.br\/e-meeting\/wp-json\/wp\/v2\/pages\/1536\/revisions"}],"predecessor-version":[{"id":1942,"href":"http:\/\/cdmf.org.br\/e-meeting\/wp-json\/wp\/v2\/pages\/1536\/revisions\/1942"}],"wp:attachment":[{"href":"http:\/\/cdmf.org.br\/e-meeting\/wp-json\/wp\/v2\/media?parent=1536"}],"curies":[{"name":"wp","href":"https:\/\/api.w.org\/{rel}","templated":true}]}}