{"id":1831,"date":"2021-07-14T18:45:14","date_gmt":"2021-07-14T21:45:14","guid":{"rendered":"http:\/\/cdmf.org.br\/e-meeting\/?page_id=1831"},"modified":"2021-07-26T15:46:05","modified_gmt":"2021-07-26T18:46:05","slug":"palestrantes","status":"publish","type":"page","link":"http:\/\/cdmf.org.br\/e-meeting\/palestrantes\/","title":{"rendered":"Palestrantes"},"content":{"rendered":"<div class=\"fusion-fullwidth fullwidth-box fusion-builder-row-1 fusion-flex-container nonhundred-percent-fullwidth non-hundred-percent-height-scrolling\" style=\"background-color: rgba(255,255,255,0);background-position: center center;background-repeat: no-repeat;border-width: 0px 0px 0px 0px;border-color:#eae9e9;border-style:solid;\" ><div class=\"fusion-builder-row fusion-row fusion-flex-align-items-flex-start\" style=\"max-width:1331.2px;margin-left: calc(-4% \/ 2 );margin-right: calc(-4% \/ 2 );\"><div class=\"fusion-layout-column fusion_builder_column fusion-builder-column-0 fusion_builder_column_1_1 1_1 fusion-flex-column\"><div class=\"fusion-column-wrapper fusion-flex-justify-content-flex-start fusion-content-layout-column\" style=\"background-position:left top;background-repeat:no-repeat;-webkit-background-size:cover;-moz-background-size:cover;-o-background-size:cover;background-size:cover;padding: 0px 0px 0px 0px;\"><div class=\"fusion-blog-shortcode fusion-blog-shortcode-1 fusion-blog-archive fusion-blog-layout-grid-wrapper fusion-blog-pagination\"><style type=\"text\/css\">.fusion-blog-shortcode-1 .fusion-blog-layout-grid .fusion-post-grid{padding:5px;}.fusion-blog-shortcode-1 .fusion-posts-container{margin-left: -5px !important; margin-right:-5px !important;}<\/style><div class=\"fusion-posts-container fusion-posts-container-pagination fusion-no-meta-info fusion-blog-rollover fusion-blog-layout-grid fusion-blog-layout-grid-6 isotope fusion-blog-equal-heights\" data-pages=\"1\" data-grid-col-space=\"10\" style=\"margin: -5px -5px 0;min-height:500px;\"><article id=\"blog-1-post-1913\" class=\"fusion-post-grid post-1913 post type-post status-publish format-standard has-post-thumbnail hentry category-palestrantes-2021\">\n<div class=\"fusion-post-wrapper\" style=\"background-color:rgba(255,255,255,1);border:1px solid #eae9e9;border-bottom-width:3px;\">\n\n\t\t\t<div class=\"fusion-flexslider flexslider fusion-flexslider-loading fusion-post-slideshow\" style=\"border-color:#eae9e9;\">\n\t\t<ul class=\"slides\">\n\t\t\t\n\t\t\t\t\t\t\t\t\t\t\t\t\t\t<li>\n\n<div  class=\"fusion-image-wrapper\" aria-haspopup=\"true\">\n\t\n\t\n\t\t\n\t\t\t\t\t<img loading=\"lazy\" decoding=\"async\" width=\"900\" height=\"900\" src=\"http:\/\/cdmf.org.br\/e-meeting\/wp-content\/uploads\/2021\/07\/lourdes-gracia-meet-cdmf.jpg\" class=\"attachment-full size-full wp-post-image\" alt=\"\" srcset=\"http:\/\/cdmf.org.br\/e-meeting\/wp-content\/uploads\/2021\/07\/lourdes-gracia-meet-cdmf-200x200.jpg 200w, http:\/\/cdmf.org.br\/e-meeting\/wp-content\/uploads\/2021\/07\/lourdes-gracia-meet-cdmf-400x400.jpg 400w, http:\/\/cdmf.org.br\/e-meeting\/wp-content\/uploads\/2021\/07\/lourdes-gracia-meet-cdmf-600x600.jpg 600w, http:\/\/cdmf.org.br\/e-meeting\/wp-content\/uploads\/2021\/07\/lourdes-gracia-meet-cdmf-800x800.jpg 800w, http:\/\/cdmf.org.br\/e-meeting\/wp-content\/uploads\/2021\/07\/lourdes-gracia-meet-cdmf.jpg 900w\" sizes=\"auto, (min-width: 2200px) 100vw, (min-width: 1099px) 205px, (min-width: 1007px) 246px, (min-width: 915px) 308px, (min-width: 824px) 410px, (min-width: 732px) 615px, (min-width: 640px) 732px, \" \/>\n\t\n\n\t\t<div class=\"fusion-rollover\">\n\t<div class=\"fusion-rollover-content\">\n\n\t\t\t\t\t\t\t\t\t\t\t\t\t\t<a class=\"fusion-rollover-link\" href=\"http:\/\/cdmf.org.br\/e-meeting\/lourdes-gracia\/\">Lourdes Gracia<\/a>\n\t\t\t\n\t\t\t\t\t\t\t\t\n\t\t\t\t\n\t\t\t\t\t\t\t\t\n\t\t\t\t\t\t\t\t\n\t\t\n\t\t\t\t<a class=\"fusion-link-wrapper\" href=\"http:\/\/cdmf.org.br\/e-meeting\/lourdes-gracia\/\" aria-label=\"Lourdes Gracia\"><\/a>\n\t<\/div>\n<\/div>\n\n\t\n<\/div>\n<\/li>\n\t\t\t\n\t\t\t\n\t\t\t\t\t\t\t\t\t\t\t\t\t\t\t\t\t\t\t\t\t\t\t\t\t\t\t\t\t\t\t\t\t\t\t\t\t\t\t\t\t\t\t\t\t\t\t\t\t\t\t\t\t\t\t\t\t\t\t\t\t\t\t\t\t\t\t\t<\/ul>\n\t<\/div>\n\t<div class=\"fusion-post-content-wrapper\" style=\"padding:30px 25px 20px 25px;\"><div class=\"fusion-post-content post-content\"><h2 class=\"blog-shortcode-post-title entry-title\"><a href=\"http:\/\/cdmf.org.br\/e-meeting\/lourdes-gracia\/\">Lourdes Gracia<\/a><\/h2><div class=\"fusion-post-content-container\"><p><\/p><p>Universitat de Val\u00e8ncia <\/p>\n<\/div><\/div><\/div><div class=\"fusion-clearfix\"><\/div><\/div>\n<\/article>\n<article id=\"blog-1-post-1785\" class=\"fusion-post-grid post-1785 post type-post status-publish format-standard has-post-thumbnail hentry category-palestrantes-2021\">\n<div class=\"fusion-post-wrapper\" style=\"background-color:rgba(255,255,255,1);border:1px solid #eae9e9;border-bottom-width:3px;\">\n\n\t\t\t<div class=\"fusion-flexslider flexslider fusion-flexslider-loading fusion-post-slideshow\" style=\"border-color:#eae9e9;\">\n\t\t<ul class=\"slides\">\n\t\t\t\n\t\t\t\t\t\t\t\t\t\t\t\t\t\t<li>\n\n<div  class=\"fusion-image-wrapper\" aria-haspopup=\"true\">\n\t\n\t\n\t\t\n\t\t\t\t\t<img loading=\"lazy\" decoding=\"async\" width=\"900\" height=\"900\" src=\"http:\/\/cdmf.org.br\/e-meeting\/wp-content\/uploads\/2021\/07\/anna-hankin-2021-cdmf.jpg\" class=\"attachment-full size-full wp-post-image\" alt=\"\" srcset=\"http:\/\/cdmf.org.br\/e-meeting\/wp-content\/uploads\/2021\/07\/anna-hankin-2021-cdmf-200x200.jpg 200w, http:\/\/cdmf.org.br\/e-meeting\/wp-content\/uploads\/2021\/07\/anna-hankin-2021-cdmf-400x400.jpg 400w, http:\/\/cdmf.org.br\/e-meeting\/wp-content\/uploads\/2021\/07\/anna-hankin-2021-cdmf-600x600.jpg 600w, http:\/\/cdmf.org.br\/e-meeting\/wp-content\/uploads\/2021\/07\/anna-hankin-2021-cdmf-800x800.jpg 800w, http:\/\/cdmf.org.br\/e-meeting\/wp-content\/uploads\/2021\/07\/anna-hankin-2021-cdmf.jpg 900w\" sizes=\"auto, (min-width: 2200px) 100vw, (min-width: 1099px) 205px, (min-width: 1007px) 246px, (min-width: 915px) 308px, (min-width: 824px) 410px, (min-width: 732px) 615px, (min-width: 640px) 732px, \" \/>\n\t\n\n\t\t<div class=\"fusion-rollover\">\n\t<div class=\"fusion-rollover-content\">\n\n\t\t\t\t\t\t\t\t\t\t\t\t\t\t<a class=\"fusion-rollover-link\" href=\"http:\/\/cdmf.org.br\/e-meeting\/ana-hankin\/\">Anna Hankin<\/a>\n\t\t\t\n\t\t\t\t\t\t\t\t\n\t\t\t\t\n\t\t\t\t\t\t\t\t\n\t\t\t\t\t\t\t\t\n\t\t\n\t\t\t\t<a class=\"fusion-link-wrapper\" href=\"http:\/\/cdmf.org.br\/e-meeting\/ana-hankin\/\" aria-label=\"Anna Hankin\"><\/a>\n\t<\/div>\n<\/div>\n\n\t\n<\/div>\n<\/li>\n\t\t\t\n\t\t\t\n\t\t\t\t\t\t\t\t\t\t\t\t\t\t\t\t\t\t\t\t\t\t\t\t\t\t\t\t\t\t\t\t\t\t\t\t\t\t\t\t\t\t\t\t\t\t\t\t\t\t\t\t\t\t\t\t\t\t\t\t\t\t\t\t\t\t\t\t<\/ul>\n\t<\/div>\n\t<div class=\"fusion-post-content-wrapper\" style=\"padding:30px 25px 20px 25px;\"><div class=\"fusion-post-content post-content\"><h2 class=\"blog-shortcode-post-title entry-title\"><a href=\"http:\/\/cdmf.org.br\/e-meeting\/ana-hankin\/\">Anna Hankin<\/a><\/h2><div class=\"fusion-post-content-container\"><p><\/p><p>Imperial College London <\/p>\n<\/div><\/div><\/div><div class=\"fusion-clearfix\"><\/div><\/div>\n<\/article>\n<article id=\"blog-1-post-1782\" class=\"fusion-post-grid post-1782 post type-post status-publish format-standard has-post-thumbnail hentry category-palestrantes-2021\">\n<div class=\"fusion-post-wrapper\" style=\"background-color:rgba(255,255,255,1);border:1px solid #eae9e9;border-bottom-width:3px;\">\n\n\t\t\t<div class=\"fusion-flexslider flexslider fusion-flexslider-loading fusion-post-slideshow\" style=\"border-color:#eae9e9;\">\n\t\t<ul class=\"slides\">\n\t\t\t\n\t\t\t\t\t\t\t\t\t\t\t\t\t\t<li>\n\n<div  class=\"fusion-image-wrapper\" aria-haspopup=\"true\">\n\t\n\t\n\t\t\n\t\t\t\t\t<img loading=\"lazy\" decoding=\"async\" width=\"900\" height=\"900\" src=\"http:\/\/cdmf.org.br\/e-meeting\/wp-content\/uploads\/2021\/07\/daniel-leiva-2021-cdmf-1.jpg\" class=\"attachment-full size-full wp-post-image\" alt=\"\" srcset=\"http:\/\/cdmf.org.br\/e-meeting\/wp-content\/uploads\/2021\/07\/daniel-leiva-2021-cdmf-1-200x200.jpg 200w, http:\/\/cdmf.org.br\/e-meeting\/wp-content\/uploads\/2021\/07\/daniel-leiva-2021-cdmf-1-400x400.jpg 400w, http:\/\/cdmf.org.br\/e-meeting\/wp-content\/uploads\/2021\/07\/daniel-leiva-2021-cdmf-1-600x600.jpg 600w, http:\/\/cdmf.org.br\/e-meeting\/wp-content\/uploads\/2021\/07\/daniel-leiva-2021-cdmf-1-800x800.jpg 800w, http:\/\/cdmf.org.br\/e-meeting\/wp-content\/uploads\/2021\/07\/daniel-leiva-2021-cdmf-1.jpg 900w\" sizes=\"auto, (min-width: 2200px) 100vw, (min-width: 1099px) 205px, (min-width: 1007px) 246px, (min-width: 915px) 308px, (min-width: 824px) 410px, (min-width: 732px) 615px, (min-width: 640px) 732px, \" \/>\n\t\n\n\t\t<div class=\"fusion-rollover\">\n\t<div class=\"fusion-rollover-content\">\n\n\t\t\t\t\t\t\t\t\t\t\t\t\t\t<a class=\"fusion-rollover-link\" href=\"http:\/\/cdmf.org.br\/e-meeting\/daniel-leiva\/\">Daniel Leiva<\/a>\n\t\t\t\n\t\t\t\t\t\t\t\t\n\t\t\t\t\n\t\t\t\t\t\t\t\t\n\t\t\t\t\t\t\t\t\n\t\t\n\t\t\t\t<a class=\"fusion-link-wrapper\" href=\"http:\/\/cdmf.org.br\/e-meeting\/daniel-leiva\/\" aria-label=\"Daniel Leiva\"><\/a>\n\t<\/div>\n<\/div>\n\n\t\n<\/div>\n<\/li>\n\t\t\t\n\t\t\t\n\t\t\t\t\t\t\t\t\t\t\t\t\t\t\t\t\t\t\t\t\t\t\t\t\t\t\t\t\t\t\t\t\t\t\t\t\t\t\t\t\t\t\t\t\t\t\t\t\t\t\t\t\t\t\t\t\t\t\t\t\t\t\t\t\t\t\t\t<\/ul>\n\t<\/div>\n\t<div class=\"fusion-post-content-wrapper\" style=\"padding:30px 25px 20px 25px;\"><div class=\"fusion-post-content post-content\"><h2 class=\"blog-shortcode-post-title entry-title\"><a href=\"http:\/\/cdmf.org.br\/e-meeting\/daniel-leiva\/\">Daniel Leiva<\/a><\/h2><div class=\"fusion-post-content-container\"><p><\/p><p>Pr\u00f3-reitor de Gradua\u00e7\u00e3o da Universidade Federal de S\u00e3o Carlos (UFSCar) <\/p>\n<\/div><\/div><\/div><div class=\"fusion-clearfix\"><\/div><\/div>\n<\/article>\n<article id=\"blog-1-post-1778\" class=\"fusion-post-grid post-1778 post type-post status-publish format-standard has-post-thumbnail hentry category-palestrantes-2021\">\n<div class=\"fusion-post-wrapper\" style=\"background-color:rgba(255,255,255,1);border:1px solid #eae9e9;border-bottom-width:3px;\">\n\n\t\t\t<div class=\"fusion-flexslider flexslider fusion-flexslider-loading fusion-post-slideshow\" style=\"border-color:#eae9e9;\">\n\t\t<ul class=\"slides\">\n\t\t\t\n\t\t\t\t\t\t\t\t\t\t\t\t\t\t<li>\n\n<div  class=\"fusion-image-wrapper\" aria-haspopup=\"true\">\n\t\n\t\n\t\t\n\t\t\t\t\t<img loading=\"lazy\" decoding=\"async\" width=\"900\" height=\"900\" src=\"http:\/\/cdmf.org.br\/e-meeting\/wp-content\/uploads\/2021\/07\/jefferson-bettini-2021-cdmf.jpg\" class=\"attachment-full size-full wp-post-image\" alt=\"\" srcset=\"http:\/\/cdmf.org.br\/e-meeting\/wp-content\/uploads\/2021\/07\/jefferson-bettini-2021-cdmf-200x200.jpg 200w, http:\/\/cdmf.org.br\/e-meeting\/wp-content\/uploads\/2021\/07\/jefferson-bettini-2021-cdmf-400x400.jpg 400w, http:\/\/cdmf.org.br\/e-meeting\/wp-content\/uploads\/2021\/07\/jefferson-bettini-2021-cdmf-600x600.jpg 600w, http:\/\/cdmf.org.br\/e-meeting\/wp-content\/uploads\/2021\/07\/jefferson-bettini-2021-cdmf-800x800.jpg 800w, http:\/\/cdmf.org.br\/e-meeting\/wp-content\/uploads\/2021\/07\/jefferson-bettini-2021-cdmf.jpg 900w\" sizes=\"auto, (min-width: 2200px) 100vw, (min-width: 1099px) 205px, (min-width: 1007px) 246px, (min-width: 915px) 308px, (min-width: 824px) 410px, (min-width: 732px) 615px, (min-width: 640px) 732px, \" \/>\n\t\n\n\t\t<div class=\"fusion-rollover\">\n\t<div class=\"fusion-rollover-content\">\n\n\t\t\t\t\t\t\t\t\t\t\t\t\t\t<a class=\"fusion-rollover-link\" href=\"http:\/\/cdmf.org.br\/e-meeting\/jefferson-bettini\/\">Jefferson Bettini<\/a>\n\t\t\t\n\t\t\t\t\t\t\t\t\n\t\t\t\t\n\t\t\t\t\t\t\t\t\n\t\t\t\t\t\t\t\t\n\t\t\n\t\t\t\t<a class=\"fusion-link-wrapper\" href=\"http:\/\/cdmf.org.br\/e-meeting\/jefferson-bettini\/\" aria-label=\"Jefferson Bettini\"><\/a>\n\t<\/div>\n<\/div>\n\n\t\n<\/div>\n<\/li>\n\t\t\t\n\t\t\t\n\t\t\t\t\t\t\t\t\t\t\t\t\t\t\t\t\t\t\t\t\t\t\t\t\t\t\t\t\t\t\t\t\t\t\t\t\t\t\t\t\t\t\t\t\t\t\t\t\t\t\t\t\t\t\t\t\t\t\t\t\t\t\t\t\t\t\t\t<\/ul>\n\t<\/div>\n\t<div class=\"fusion-post-content-wrapper\" style=\"padding:30px 25px 20px 25px;\"><div class=\"fusion-post-content post-content\"><h2 class=\"blog-shortcode-post-title entry-title\"><a href=\"http:\/\/cdmf.org.br\/e-meeting\/jefferson-bettini\/\">Jefferson Bettini<\/a><\/h2><div class=\"fusion-post-content-container\"><p><\/p><p>Laborat\u00f3rio Nacional de Nanotecnologia (LNNano-CNPEM) <\/p>\n<\/div><\/div><\/div><div class=\"fusion-clearfix\"><\/div><\/div>\n<\/article>\n<article id=\"blog-1-post-1775\" class=\"fusion-post-grid post-1775 post type-post status-publish format-standard has-post-thumbnail hentry category-palestrantes-2021\">\n<div class=\"fusion-post-wrapper\" style=\"background-color:rgba(255,255,255,1);border:1px solid #eae9e9;border-bottom-width:3px;\">\n\n\t\t\t<div class=\"fusion-flexslider flexslider fusion-flexslider-loading fusion-post-slideshow\" style=\"border-color:#eae9e9;\">\n\t\t<ul class=\"slides\">\n\t\t\t\n\t\t\t\t\t\t\t\t\t\t\t\t\t\t<li>\n\n<div  class=\"fusion-image-wrapper\" aria-haspopup=\"true\">\n\t\n\t\n\t\t\n\t\t\t\t\t<img loading=\"lazy\" decoding=\"async\" width=\"900\" height=\"900\" src=\"http:\/\/cdmf.org.br\/e-meeting\/wp-content\/uploads\/2021\/07\/daniel-correa-2021-cdmf.jpg\" class=\"attachment-full size-full wp-post-image\" alt=\"\" srcset=\"http:\/\/cdmf.org.br\/e-meeting\/wp-content\/uploads\/2021\/07\/daniel-correa-2021-cdmf-200x200.jpg 200w, http:\/\/cdmf.org.br\/e-meeting\/wp-content\/uploads\/2021\/07\/daniel-correa-2021-cdmf-400x400.jpg 400w, http:\/\/cdmf.org.br\/e-meeting\/wp-content\/uploads\/2021\/07\/daniel-correa-2021-cdmf-600x600.jpg 600w, http:\/\/cdmf.org.br\/e-meeting\/wp-content\/uploads\/2021\/07\/daniel-correa-2021-cdmf-800x800.jpg 800w, http:\/\/cdmf.org.br\/e-meeting\/wp-content\/uploads\/2021\/07\/daniel-correa-2021-cdmf.jpg 900w\" sizes=\"auto, (min-width: 2200px) 100vw, (min-width: 1099px) 205px, (min-width: 1007px) 246px, (min-width: 915px) 308px, (min-width: 824px) 410px, (min-width: 732px) 615px, (min-width: 640px) 732px, \" \/>\n\t\n\n\t\t<div class=\"fusion-rollover\">\n\t<div class=\"fusion-rollover-content\">\n\n\t\t\t\t\t\t\t\t\t\t\t\t\t\t<a class=\"fusion-rollover-link\" href=\"http:\/\/cdmf.org.br\/e-meeting\/daniel-correa\/\">Daniel Corr\u00eaa<\/a>\n\t\t\t\n\t\t\t\t\t\t\t\t\n\t\t\t\t\n\t\t\t\t\t\t\t\t\n\t\t\t\t\t\t\t\t\n\t\t\n\t\t\t\t<a class=\"fusion-link-wrapper\" href=\"http:\/\/cdmf.org.br\/e-meeting\/daniel-correa\/\" aria-label=\"Daniel Corr\u00eaa\"><\/a>\n\t<\/div>\n<\/div>\n\n\t\n<\/div>\n<\/li>\n\t\t\t\n\t\t\t\n\t\t\t\t\t\t\t\t\t\t\t\t\t\t\t\t\t\t\t\t\t\t\t\t\t\t\t\t\t\t\t\t\t\t\t\t\t\t\t\t\t\t\t\t\t\t\t\t\t\t\t\t\t\t\t\t\t\t\t\t\t\t\t\t\t\t\t\t<\/ul>\n\t<\/div>\n\t<div class=\"fusion-post-content-wrapper\" style=\"padding:30px 25px 20px 25px;\"><div class=\"fusion-post-content post-content\"><h2 class=\"blog-shortcode-post-title entry-title\"><a href=\"http:\/\/cdmf.org.br\/e-meeting\/daniel-correa\/\">Daniel Corr\u00eaa<\/a><\/h2><div class=\"fusion-post-content-container\"><p><\/p><p>Empresa Brasileira de Pesquisa Agropecu\u00e1ria (EMBRAPA) <\/p>\n<\/div><\/div><\/div><div class=\"fusion-clearfix\"><\/div><\/div>\n<\/article>\n<article id=\"blog-1-post-1770\" class=\"fusion-post-grid post-1770 post type-post status-publish format-standard has-post-thumbnail hentry category-palestrantes-2021\">\n<div class=\"fusion-post-wrapper\" style=\"background-color:rgba(255,255,255,1);border:1px solid #eae9e9;border-bottom-width:3px;\">\n\n\t\t\t<div class=\"fusion-flexslider flexslider fusion-flexslider-loading fusion-post-slideshow\" style=\"border-color:#eae9e9;\">\n\t\t<ul class=\"slides\">\n\t\t\t\n\t\t\t\t\t\t\t\t\t\t\t\t\t\t<li>\n\n<div  class=\"fusion-image-wrapper\" aria-haspopup=\"true\">\n\t\n\t\n\t\t\n\t\t\t\t\t<img loading=\"lazy\" decoding=\"async\" width=\"900\" height=\"900\" src=\"http:\/\/cdmf.org.br\/e-meeting\/wp-content\/uploads\/2021\/07\/mateus-borba-2021-cdmf.jpg\" class=\"attachment-full size-full wp-post-image\" alt=\"\" srcset=\"http:\/\/cdmf.org.br\/e-meeting\/wp-content\/uploads\/2021\/07\/mateus-borba-2021-cdmf-200x200.jpg 200w, http:\/\/cdmf.org.br\/e-meeting\/wp-content\/uploads\/2021\/07\/mateus-borba-2021-cdmf-400x400.jpg 400w, http:\/\/cdmf.org.br\/e-meeting\/wp-content\/uploads\/2021\/07\/mateus-borba-2021-cdmf-600x600.jpg 600w, http:\/\/cdmf.org.br\/e-meeting\/wp-content\/uploads\/2021\/07\/mateus-borba-2021-cdmf-800x800.jpg 800w, http:\/\/cdmf.org.br\/e-meeting\/wp-content\/uploads\/2021\/07\/mateus-borba-2021-cdmf.jpg 900w\" sizes=\"auto, (min-width: 2200px) 100vw, (min-width: 1099px) 205px, (min-width: 1007px) 246px, (min-width: 915px) 308px, (min-width: 824px) 410px, (min-width: 732px) 615px, (min-width: 640px) 732px, \" \/>\n\t\n\n\t\t<div class=\"fusion-rollover\">\n\t<div class=\"fusion-rollover-content\">\n\n\t\t\t\t\t\t\t\t\t\t\t\t\t\t<a class=\"fusion-rollover-link\" href=\"http:\/\/cdmf.org.br\/e-meeting\/mateus-borba-cardoso\/\">Mateus Borba Cardoso<\/a>\n\t\t\t\n\t\t\t\t\t\t\t\t\n\t\t\t\t\n\t\t\t\t\t\t\t\t\n\t\t\t\t\t\t\t\t\n\t\t\n\t\t\t\t<a class=\"fusion-link-wrapper\" href=\"http:\/\/cdmf.org.br\/e-meeting\/mateus-borba-cardoso\/\" aria-label=\"Mateus Borba Cardoso\"><\/a>\n\t<\/div>\n<\/div>\n\n\t\n<\/div>\n<\/li>\n\t\t\t\n\t\t\t\n\t\t\t\t\t\t\t\t\t\t\t\t\t\t\t\t\t\t\t\t\t\t\t\t\t\t\t\t\t\t\t\t\t\t\t\t\t\t\t\t\t\t\t\t\t\t\t\t\t\t\t\t\t\t\t\t\t\t\t\t\t\t\t\t\t\t\t\t<\/ul>\n\t<\/div>\n\t<div class=\"fusion-post-content-wrapper\" style=\"padding:30px 25px 20px 25px;\"><div class=\"fusion-post-content post-content\"><h2 class=\"blog-shortcode-post-title entry-title\"><a href=\"http:\/\/cdmf.org.br\/e-meeting\/mateus-borba-cardoso\/\">Mateus Borba Cardoso<\/a><\/h2><div class=\"fusion-post-content-container\"><p><\/p><p>Laborat\u00f3rio Nacional de Luz S\u00edncrotron (LNLS-CNPEM) <\/p>\n<\/div><\/div><\/div><div class=\"fusion-clearfix\"><\/div><\/div>\n<\/article>\n<div class=\"fusion-clearfix\"><\/div><\/div><\/div><\/div><\/div><style type=\"text\/css\">.fusion-body .fusion-builder-column-0{width:100% !important;margin-top : 0px;margin-bottom : 0px;}.fusion-builder-column-0 > .fusion-column-wrapper {padding-top : 0px !important;padding-right : 0px !important;margin-right : 1.92%;padding-bottom : 0px !important;padding-left : 0px !important;margin-left : 1.92%;}@media only screen and (max-width:1024px) {.fusion-body .fusion-builder-column-0{width:100% !important;order : 0;}.fusion-builder-column-0 > .fusion-column-wrapper {margin-right : 1.92%;margin-left : 1.92%;}}@media only screen and (max-width:640px) {.fusion-body .fusion-builder-column-0{width:100% !important;order : 0;}.fusion-builder-column-0 > .fusion-column-wrapper {margin-right : 1.92%;margin-left : 1.92%;}}<\/style><\/div><style type=\"text\/css\">.fusion-body .fusion-flex-container.fusion-builder-row-1{ padding-top : 0px;margin-top : 0px;padding-right : 0px;padding-bottom : 0px;margin-bottom : 0px;padding-left : 0px;}<\/style><\/div>\n","protected":false},"excerpt":{"rendered":"","protected":false},"author":1,"featured_media":0,"parent":0,"menu_order":0,"comment_status":"closed","ping_status":"closed","template":"","meta":{"_monsterinsights_skip_tracking":false,"_monsterinsights_sitenote_active":false,"_monsterinsights_sitenote_note":"","_monsterinsights_sitenote_category":0,"footnotes":""},"class_list":["post-1831","page","type-page","status-publish","hentry"],"_links":{"self":[{"href":"http:\/\/cdmf.org.br\/e-meeting\/wp-json\/wp\/v2\/pages\/1831","targetHints":{"allow":["GET"]}}],"collection":[{"href":"http:\/\/cdmf.org.br\/e-meeting\/wp-json\/wp\/v2\/pages"}],"about":[{"href":"http:\/\/cdmf.org.br\/e-meeting\/wp-json\/wp\/v2\/types\/page"}],"author":[{"embeddable":true,"href":"http:\/\/cdmf.org.br\/e-meeting\/wp-json\/wp\/v2\/users\/1"}],"replies":[{"embeddable":true,"href":"http:\/\/cdmf.org.br\/e-meeting\/wp-json\/wp\/v2\/comments?post=1831"}],"version-history":[{"count":7,"href":"http:\/\/cdmf.org.br\/e-meeting\/wp-json\/wp\/v2\/pages\/1831\/revisions"}],"predecessor-version":[{"id":1919,"href":"http:\/\/cdmf.org.br\/e-meeting\/wp-json\/wp\/v2\/pages\/1831\/revisions\/1919"}],"wp:attachment":[{"href":"http:\/\/cdmf.org.br\/e-meeting\/wp-json\/wp\/v2\/media?parent=1831"}],"curies":[{"name":"wp","href":"https:\/\/api.w.org\/{rel}","templated":true}]}}