{"id":40,"date":"2015-06-01T11:51:59","date_gmt":"2015-06-01T11:51:59","guid":{"rendered":"http:\/\/cdmf.org.br\/e-meeting\/?page_id=40"},"modified":"2021-11-18T13:18:10","modified_gmt":"2021-11-18T16:18:10","slug":"home","status":"publish","type":"page","link":"http:\/\/cdmf.org.br\/e-meeting\/","title":{"rendered":"Encontro de Materiais &#038; Ci\u00eancia (e-Mat&#038;Sci)"},"content":{"rendered":"<div class=\"fusion-fullwidth fullwidth-box fusion-builder-row-1 fusion-flex-container nonhundred-percent-fullwidth non-hundred-percent-height-scrolling\" style=\"background-color: rgba(255,255,255,0);background-position: left top;background-repeat: no-repeat;border-width: 0px 0px 0px 0px;border-color:#eae9e9;border-style:solid;\" id=\"sobre\" ><div class=\"fusion-builder-row fusion-row fusion-flex-align-items-flex-start\" style=\"max-width:calc( 1280px + 0px );margin-left: calc(-0px \/ 2 );margin-right: calc(-0px \/ 2 );\"><div class=\"fusion-layout-column fusion_builder_column fusion-builder-column-0 fusion_builder_column_1_1 1_1 fusion-flex-column fusion-flex-align-self-flex-start fusion-column-no-min-height\"><div class=\"fusion-column-wrapper fusion-flex-justify-content-flex-start fusion-content-layout-column\" style=\"background-position:left top;background-repeat:no-repeat;-webkit-background-size:cover;-moz-background-size:cover;-o-background-size:cover;background-size:cover;padding: 0px 0px 0px 0px;\"><style type=\"text\/css\">@media only screen and (max-width:1024px) {.fusion-title.fusion-title-1{margin-top:0px!important;margin-bottom:30px!important;}}<\/style><div class=\"fusion-title title fusion-title-1 fusion-title-center fusion-title-text fusion-title-size-two\" style=\"margin-top:0px;margin-bottom:30px;\"><div class=\"title-sep-container title-sep-container-left\"><div class=\"title-sep sep-\" style=\"border-color:#e0dede;\"><\/div><\/div><h2 class=\"title-heading-center\" style=\"margin:0;\">Sobre<\/h2><div class=\"title-sep-container title-sep-container-right\"><div class=\"title-sep sep-\" style=\"border-color:#e0dede;\"><\/div><\/div><\/div><div class=\"fusion-text fusion-text-1\" style=\"text-align:left;\"><p style=\"text-align: justify;\">O <strong>II Encontro Virtual de Materiais e Ci\u00eancia (e-Mat&amp;Sci2) acontece nos dias 09 e 10 de novembro<\/strong><strong> de 2021<\/strong>\u00a0e tem como objetivo principal proporcionar um encontro on-line onde os pesquisadores de diversas linhas de pesquisas em Ci\u00eancia e Engenharia de Materiais possam difundir suas descobertas, al\u00e9m de permitir o estabelecimento de uma rede de produ\u00e7\u00e3o de conhecimentos e o interc\u00e2mbio de ideias.<\/p>\n<p style=\"text-align: justify;\">O e-Mat&amp;Sci II \u00e9 destinado a pesquisadores em todos os n\u00edveis, desde a inicia\u00e7\u00e3o cient\u00edfica at\u00e9 o p\u00f3s-doutorado, docentes, t\u00e9cnicos e quaisquer outras pessoas interessadas em conhecer melhor a \u00e1rea.<\/p>\n<p style=\"text-align: justify;\">A programa\u00e7\u00e3o contar\u00e1 com uma diversidade de palestras com pesquisadores renomados na \u00e1rea de Materiais e Ci\u00eancias. Os participantes poder\u00e3o apresentar seus <strong>trabalhos em forma de apresenta\u00e7\u00f5es flash em salas virtuais<\/strong>, destinadas a cada \u00e1rea abordada no evento.<\/p>\n<p style=\"text-align: justify;\"><strong>As \u00e1reas abordadas no evento s\u00e3o: optoeletr\u00f4nica, cat\u00e1lise, s\u00edntese de materiais funcionais, educa\u00e7\u00e3o e difus\u00e3o em materiais, teoria computacional, energia, sa\u00fade e meio ambiente.<\/strong><\/p>\n<p style=\"text-align: justify;\">O e-Mat&amp;Sci2 tem o apoio da Funda\u00e7\u00e3o de Amparo \u00e0 Pesquisa do Estado de S\u00e3o Paulo (<strong>Fapesp<\/strong>), do Conselho Nacional de Desenvolvimento Cient\u00edfico e Tecnol\u00f3gico (<strong>CNPq<\/strong>), da Coordena\u00e7\u00e3o de Aperfei\u00e7oamento de Pessoal de N\u00edvel Superior (<strong>Capes<\/strong>) e da Financiadora de Estudos e Projetos (<strong>Finep<\/strong>).<\/p>\n<\/div><div class=\"fusion-text fusion-text-2\" style=\"text-align:left;\"><h3 style=\"text-align: center;\"><strong><a href=\"http:\/\/cdmf.org.br\/e-meeting\/trabalhos\/\">ACESSE AS NORMAS GERAIS<\/a><\/strong><\/h3>\n<\/div><\/div><\/div><style type=\"text\/css\">.fusion-body .fusion-builder-column-0{width:100% !important;margin-top : 0px;margin-bottom : 0px;}.fusion-builder-column-0 > .fusion-column-wrapper {padding-top : 0px !important;padding-right : 0px !important;margin-right : 0px;padding-bottom : 0px !important;padding-left : 0px !important;margin-left : 0px;}@media only screen and (max-width:1024px) {.fusion-body .fusion-builder-column-0{width:100% !important;}.fusion-builder-column-0 > .fusion-column-wrapper {margin-right : 0px;margin-left : 0px;}}@media only screen and (max-width:640px) {.fusion-body .fusion-builder-column-0{width:100% !important;}.fusion-builder-column-0 > .fusion-column-wrapper {margin-right : 0px;margin-left : 0px;}}<\/style><\/div><style type=\"text\/css\">.fusion-body .fusion-flex-container.fusion-builder-row-1{ padding-top : 90px;margin-top : 0px;padding-right : 15%;padding-bottom : 90px;margin-bottom : 0px;padding-left : 15%;}<\/style><\/div>\n","protected":false},"excerpt":{"rendered":"","protected":false},"author":1,"featured_media":0,"parent":0,"menu_order":0,"comment_status":"closed","ping_status":"open","template":"100-width.php","meta":{"_monsterinsights_skip_tracking":false,"_monsterinsights_sitenote_active":false,"_monsterinsights_sitenote_note":"","_monsterinsights_sitenote_category":0,"footnotes":""},"class_list":["post-40","page","type-page","status-publish","hentry"],"_links":{"self":[{"href":"http:\/\/cdmf.org.br\/e-meeting\/wp-json\/wp\/v2\/pages\/40","targetHints":{"allow":["GET"]}}],"collection":[{"href":"http:\/\/cdmf.org.br\/e-meeting\/wp-json\/wp\/v2\/pages"}],"about":[{"href":"http:\/\/cdmf.org.br\/e-meeting\/wp-json\/wp\/v2\/types\/page"}],"author":[{"embeddable":true,"href":"http:\/\/cdmf.org.br\/e-meeting\/wp-json\/wp\/v2\/users\/1"}],"replies":[{"embeddable":true,"href":"http:\/\/cdmf.org.br\/e-meeting\/wp-json\/wp\/v2\/comments?post=40"}],"version-history":[{"count":43,"href":"http:\/\/cdmf.org.br\/e-meeting\/wp-json\/wp\/v2\/pages\/40\/revisions"}],"predecessor-version":[{"id":2063,"href":"http:\/\/cdmf.org.br\/e-meeting\/wp-json\/wp\/v2\/pages\/40\/revisions\/2063"}],"wp:attachment":[{"href":"http:\/\/cdmf.org.br\/e-meeting\/wp-json\/wp\/v2\/media?parent=40"}],"curies":[{"name":"wp","href":"https:\/\/api.w.org\/{rel}","templated":true}]}}