{"id":1084,"date":"2019-04-25T14:43:20","date_gmt":"2019-04-25T17:43:20","guid":{"rendered":"http:\/\/cdmf.org.br\/spimf2019\/?page_id=1084"},"modified":"2019-04-25T14:50:34","modified_gmt":"2019-04-25T17:50:34","slug":"hospedagem","status":"publish","type":"page","link":"http:\/\/cdmf.org.br\/spimf2019\/hospedagem\/","title":{"rendered":"Hospedagem"},"content":{"rendered":"<div class=\"wpb-content-wrapper\"><p>[vc_section][vc_row][vc_column][vc_column_text]Para a sua hospedagem em S\u00e3o Carlos, sugerimos as op\u00e7\u00f5es de hot\u00e9is a seguir, os valores informados incluem: caf\u00e9 da manh\u00e3, estacionamento e internet. Ao realizar a reserva, informar ao\/\u00e0 atendente sobre a sua participa\u00e7\u00e3o no SPIMF.[\/vc_column_text][om_html_table style=&#8221;striped&#8221;]JTNDdGFibGUlM0UlMEElMjAlMjAlM0N0ciUzRSUwQSUyMCUyMCUyMCUyMCUzQ3RoJTNFSG90ZWwlM0MlMkZ0aCUzRSUwQSUyMCUyMCUyMCUyMCUzQ3RoJTNFSW5kaXZpZHVhbCUzQyUyRnRoJTNFJTBBJTIwJTIwJTIwJTIwJTNDdGglM0VEdXBsbyUzQyUyRnRoJTNFJTBBJTIwJTIwJTIwJTIwJTNDdGglM0VUcmlwbG8lM0MlMkZ0aCUzRSUwQSUyMCUyMCUyMCUyMCUzQ3RoJTNFUXUlQzMlQTFkcnVwbG8lM0MlMkZ0aCUzRSUwQSUyMCUyMCUyMCUyMCUzQ3RoJTNFUmVzZXJ2YXIlM0MlMkZ0aCUzRSUwQSUyMCUyMCUyMCUyMCUzQ3RoJTNFRW1haWwlM0MlMkZ0aCUzRSUwQSUyMCUyMCUzQyUyRnRyJTNFJTBBJTIwJTIwJTNDdHIlM0UlMEElMjAlMjAlMjAlMjAlM0N0aCUzRVNsZWVwJTIwSW5uJTIwSG90ZWwlMjBTJUMzJUEzbyUyMENhcmxvcyUzQyUyRnRoJTNFJTBBJTIwJTIwJTIwJTIwJTNDdGglM0VSJTI0JTIwMTQwJTJDMDAlM0MlMkZ0aCUzRSUwQSUyMCUyMCUyMCUyMCUzQ3RoJTNFUiUyNCUyMDE3MCUyQzAwJTNDJTJGdGglM0UlMEElMjAlMjAlMjAlMjAlM0N0aCUzRS0lM0MlMkZ0aCUzRSUwQSUyMCUyMCUyMCUyMCUzQ3RoJTNFLSUzQyUyRnRoJTNFJTBBJTIwJTIwJTIwJTIwJTNDdGglM0UlMjgxNiUyOSUyMDMwNzktMDA5OSUzQyUyRnRoJTNFJTBBJTIwJTIwJTIwJTIwJTNDdGglM0VyZXNlcnZhcy5zcXNjJTQwYXRsYW50aWNhaG90ZWxzLmNvbS5iciUzQyUyRnRoJTNFJTBBJTIwJTIwJTNDJTJGdHIlM0UlMEElMjAlMjAlM0N0ciUzRSUwQSUyMCUyMCUyMCUyMCUzQ3RoJTNFSG90ZWwlMjBTJUMzJUEzbyUyMENhcmxvcyUyME90aG9uJTIwU3UlQzMlQUR0ZXMlM0MlMkZ0aCUzRSUwQSUyMCUyMCUyMCUyMCUzQ3RoJTNFUiUyNCUyMDE2MCUyQzAwJTNDJTJGdGglM0UlMEElMjAlMjAlMjAlMjAlM0N0aCUzRVIlMjQlMjAxOTAlMkMwMCUzQyUyRnRoJTNFJTBBJTIwJTIwJTIwJTIwJTNDdGglM0UtJTNDJTJGdGglM0UlMEElMjAlMjAlMjAlMjAlM0N0aCUzRS0lM0MlMkZ0aCUzRSUwQSUyMCUyMCUyMCUyMCUzQ3RoJTNFJTI4MTYlMjklMjAzNDE2LTMzNDUlM0MlMkZ0aCUzRSUwQSUyMCUyMCUyMCUyMCUzQ3RoJTNFcmVzZXJ2YXMuc2FvY2FybG9zJTQwb3Rob24uY29tLmJyJTNDJTJGdGglM0UlMEElMjAlMjAlM0MlMkZ0ciUzRSUwQSUyMCUyMCUzQ3RyJTNFJTBBJTIwJTIwJTIwJTIwJTNDdGglM0VJbmRhaSVDMyVBMSUyMEhvdGVsJTIwUmVzaWRlbmNlJTNDJTJGdGglM0UlMEElMjAlMjAlMjAlMjAlM0N0aCUzRVIlMjQlMjAxMzYlMkMwMCUzQyUyRnRoJTNFJTBBJTIwJTIwJTIwJTIwJTNDdGglM0VSJTI0JTIwMTY2JTJDMDAlM0MlMkZ0aCUzRSUwQSUyMCUyMCUyMCUyMCUzQ3RoJTNFUiUyNCUyMDIxMCUyQzAwJTNDJTJGdGglM0UlMEElMjAlMjAlMjAlMjAlM0N0aCUzRVIlMjQlMjAyNDAlMkMwMCUzQyUyRnRoJTNFJTBBJTIwJTIwJTIwJTIwJTNDdGglM0UlMjgxNiUyOSUyMDMzNzMtNzU3NSUzQyUyRnRoJTNFJTBBJTIwJTIwJTIwJTIwJTNDdGglM0UtJTNDJTJGdGglM0UlMEElMjAlMjAlM0MlMkZ0ciUzRSUwQSUyMCUyMCUzQ3RyJTNFJTBBJTIwJTIwJTIwJTIwJTNDdGglM0VBcmNvJTIwSG90ZWwlMjBTJUMzJUEzbyUyMENhcmxvcyUzQyUyRnRoJTNFJTBBJTIwJTIwJTIwJTIwJTNDdGglM0VSJTI0JTIwMTMyJTJDMTklM0MlMkZ0aCUzRSUwQSUyMCUyMCUyMCUyMCUzQ3RoJTNFUiUyNCUyMDE1NSUyQzE0JTNDJTJGdGglM0UlMEElMjAlMjAlMjAlMjAlM0N0aCUzRS0lM0MlMkZ0aCUzRSUwQSUyMCUyMCUyMCUyMCUzQ3RoJTNFLSUzQyUyRnRoJTNFJTBBJTIwJTIwJTIwJTIwJTNDdGglM0UlMjgxNiUyOSUyMDMzNjgtNzA3MCUzQyUyRnRoJTNFJTBBJTIwJTIwJTIwJTIwJTNDdGglM0VyZXNlcnZhcy5zYW9jYXJsb3MlNDBhcmNvaG90ZWwuY29tLmJyJTNDJTJGdGglM0UlMEElMjAlMjAlM0MlMkZ0ciUzRSUwQSUyMCUyMCUzQ3RyJTNFJTBBJTIwJTIwJTIwJTIwJTNDdGglM0VOYWNpb25hbCUyMElubiUyMFMlQzMlQTNvJTIwQ2FybG9zJTNDJTJGdGglM0UlMEElMjAlMjAlMjAlMjAlM0N0aCUzRVJSJTI0JTIwMTI5JTJDMDAlM0MlMkZ0aCUzRSUwQSUyMCUyMCUyMCUyMCUzQ3RoJTNFUiUyNCUyMDE0OSUyQzAwJTNDJTJGdGglM0UlMEElMjAlMjAlMjAlMjAlM0N0aCUzRS0lM0MlMkZ0aCUzRSUwQSUyMCUyMCUyMCUyMCUzQ3RoJTNFLSUzQyUyRnRoJTNFJTBBJTIwJTIwJTIwJTIwJTNDdGglM0UlMjgxNiUyOSUyMDMzNjMtMDIwMCUyMCUyRiUyMCUyODE2JTI5JTIwOTgxNDQtMzYwNyUzQyUyRnRoJTNFJTBBJTIwJTIwJTIwJTIwJTNDdGglM0VyZXNlcnZhcyU0MG5hY2lvbmFsaW5uc2FvY2FybG9zLmNvbS5iciUzQyUyRnRoJTNFJTBBJTIwJTIwJTNDJTJGdHIlM0UlMEElM0MlMkZ0YWJsZSUzRQ==[\/om_html_table][\/vc_column][\/vc_row][\/vc_section]<\/p>\n<\/div>","protected":false},"excerpt":{"rendered":"<p>[vc_section][vc_row][vc_column][vc_column_text]Para a sua hospedagem em S\u00e3o Carlos, sugerimos as op\u00e7\u00f5es de hot\u00e9is a seguir, os valores informados incluem: caf\u00e9 da manh\u00e3, estacionamento e internet. Ao&hellip;<\/p>\n<p><a href=\"http:\/\/cdmf.org.br\/spimf2019\/hospedagem\/\" class=\"read-more-link\"><span class=\"read-more-icon\"><\/span>Leia mais<\/a><\/p>\n","protected":false},"author":1,"featured_media":803,"parent":0,"menu_order":0,"comment_status":"closed","ping_status":"closed","template":"","meta":{"_exactmetrics_skip_tracking":false,"_exactmetrics_sitenote_active":false,"_exactmetrics_sitenote_note":"","_exactmetrics_sitenote_category":0,"footnotes":""},"class_list":["post-1084","page","type-page","status-publish","has-post-thumbnail","hentry"],"yoast_head":"<!-- This site is optimized with the Yoast SEO plugin v24.2 - https:\/\/yoast.com\/wordpress\/plugins\/seo\/ -->\n<title>Hospedagem - SPIMF 2019 | CDMF<\/title>\n<meta name=\"robots\" content=\"index, follow, max-snippet:-1, max-image-preview:large, max-video-preview:-1\" \/>\n<link rel=\"canonical\" href=\"https:\/\/cdmf.org.br\/spimf2019\/hospedagem\/\" \/>\n<meta property=\"og:locale\" content=\"pt_BR\" \/>\n<meta property=\"og:type\" content=\"article\" \/>\n<meta property=\"og:title\" content=\"Hospedagem - SPIMF 2019 | CDMF\" \/>\n<meta property=\"og:description\" content=\"[vc_section][vc_row][vc_column][vc_column_text]Para a sua hospedagem em S\u00e3o Carlos, sugerimos as op\u00e7\u00f5es de hot\u00e9is a seguir, os valores informados incluem: caf\u00e9 da manh\u00e3, estacionamento e internet. Ao&hellip;Leia mais\" \/>\n<meta property=\"og:url\" content=\"https:\/\/cdmf.org.br\/spimf2019\/hospedagem\/\" \/>\n<meta property=\"og:site_name\" content=\"SPIMF 2019 | CDMF\" \/>\n<meta property=\"article:publisher\" content=\"https:\/\/www.facebook.com\/CDMFCEPID\/\" \/>\n<meta property=\"article:modified_time\" content=\"2019-04-25T17:50:34+00:00\" \/>\n<meta property=\"og:image\" content=\"https:\/\/cdmf.org.br\/spimf2019\/wp-content\/uploads\/2019\/03\/52991361_2229272040452285_7351732659145408512_n.jpg\" \/>\n\t<meta property=\"og:image:width\" content=\"1200\" \/>\n\t<meta property=\"og:image:height\" content=\"630\" \/>\n\t<meta property=\"og:image:type\" content=\"image\/jpeg\" \/>\n<meta name=\"twitter:card\" content=\"summary_large_image\" \/>\n<meta name=\"twitter:site\" content=\"@CDMF_comunica\" \/>\n<meta name=\"twitter:label1\" content=\"Est. tempo de leitura\" \/>\n\t<meta name=\"twitter:data1\" content=\"1 minuto\" \/>\n<script type=\"application\/ld+json\" class=\"yoast-schema-graph\">{\"@context\":\"https:\/\/schema.org\",\"@graph\":[{\"@type\":\"WebPage\",\"@id\":\"https:\/\/cdmf.org.br\/spimf2019\/hospedagem\/\",\"url\":\"https:\/\/cdmf.org.br\/spimf2019\/hospedagem\/\",\"name\":\"Hospedagem - SPIMF 2019 | CDMF\",\"isPartOf\":{\"@id\":\"http:\/\/cdmf.org.br\/spimf2019\/#website\"},\"primaryImageOfPage\":{\"@id\":\"https:\/\/cdmf.org.br\/spimf2019\/hospedagem\/#primaryimage\"},\"image\":{\"@id\":\"https:\/\/cdmf.org.br\/spimf2019\/hospedagem\/#primaryimage\"},\"thumbnailUrl\":\"http:\/\/cdmf.org.br\/spimf2019\/wp-content\/uploads\/2019\/03\/52991361_2229272040452285_7351732659145408512_n.jpg\",\"datePublished\":\"2019-04-25T17:43:20+00:00\",\"dateModified\":\"2019-04-25T17:50:34+00:00\",\"breadcrumb\":{\"@id\":\"https:\/\/cdmf.org.br\/spimf2019\/hospedagem\/#breadcrumb\"},\"inLanguage\":\"pt-BR\",\"potentialAction\":[{\"@type\":\"ReadAction\",\"target\":[\"https:\/\/cdmf.org.br\/spimf2019\/hospedagem\/\"]}]},{\"@type\":\"ImageObject\",\"inLanguage\":\"pt-BR\",\"@id\":\"https:\/\/cdmf.org.br\/spimf2019\/hospedagem\/#primaryimage\",\"url\":\"http:\/\/cdmf.org.br\/spimf2019\/wp-content\/uploads\/2019\/03\/52991361_2229272040452285_7351732659145408512_n.jpg\",\"contentUrl\":\"http:\/\/cdmf.org.br\/spimf2019\/wp-content\/uploads\/2019\/03\/52991361_2229272040452285_7351732659145408512_n.jpg\",\"width\":1200,\"height\":630},{\"@type\":\"BreadcrumbList\",\"@id\":\"https:\/\/cdmf.org.br\/spimf2019\/hospedagem\/#breadcrumb\",\"itemListElement\":[{\"@type\":\"ListItem\",\"position\":1,\"name\":\"In\u00edcio\",\"item\":\"http:\/\/cdmf.org.br\/spimf2019\/\"},{\"@type\":\"ListItem\",\"position\":2,\"name\":\"Hospedagem\"}]},{\"@type\":\"WebSite\",\"@id\":\"http:\/\/cdmf.org.br\/spimf2019\/#website\",\"url\":\"http:\/\/cdmf.org.br\/spimf2019\/\",\"name\":\"SPIMF | CDMF 2019\",\"description\":\"Simp\u00f3sio de Pesquisa e Inova\u00e7\u00e3o em Materiais Funcionais | CEPID-FAPESP\",\"publisher\":{\"@id\":\"http:\/\/cdmf.org.br\/spimf2019\/#organization\"},\"potentialAction\":[{\"@type\":\"SearchAction\",\"target\":{\"@type\":\"EntryPoint\",\"urlTemplate\":\"http:\/\/cdmf.org.br\/spimf2019\/?s={search_term_string}\"},\"query-input\":{\"@type\":\"PropertyValueSpecification\",\"valueRequired\":true,\"valueName\":\"search_term_string\"}}],\"inLanguage\":\"pt-BR\"},{\"@type\":\"Organization\",\"@id\":\"http:\/\/cdmf.org.br\/spimf2019\/#organization\",\"name\":\"CDMF-CEPID\",\"url\":\"http:\/\/cdmf.org.br\/spimf2019\/\",\"logo\":{\"@type\":\"ImageObject\",\"inLanguage\":\"pt-BR\",\"@id\":\"http:\/\/cdmf.org.br\/spimf2019\/#\/schema\/logo\/image\/\",\"url\":\"http:\/\/cdmf.org.br\/spimf2019\/wp-content\/uploads\/2019\/02\/cdmf-logo.png\",\"contentUrl\":\"http:\/\/cdmf.org.br\/spimf2019\/wp-content\/uploads\/2019\/02\/cdmf-logo.png\",\"width\":200,\"height\":90,\"caption\":\"CDMF-CEPID\"},\"image\":{\"@id\":\"http:\/\/cdmf.org.br\/spimf2019\/#\/schema\/logo\/image\/\"},\"sameAs\":[\"https:\/\/www.facebook.com\/CDMFCEPID\/\",\"https:\/\/x.com\/CDMF_comunica\",\"https:\/\/www.instagram.com\/cdmf_fapesp\/\",\"https:\/\/www.linkedin.com\/company\/cdmf-cepid\/\",\"https:\/\/www.youtube.com\/channel\/UC3F0dJH6jQgFUC66RLxfetg\"]}]}<\/script>\n<!-- \/ Yoast SEO plugin. -->","yoast_head_json":{"title":"Hospedagem - SPIMF 2019 | CDMF","robots":{"index":"index","follow":"follow","max-snippet":"max-snippet:-1","max-image-preview":"max-image-preview:large","max-video-preview":"max-video-preview:-1"},"canonical":"https:\/\/cdmf.org.br\/spimf2019\/hospedagem\/","og_locale":"pt_BR","og_type":"article","og_title":"Hospedagem - SPIMF 2019 | CDMF","og_description":"[vc_section][vc_row][vc_column][vc_column_text]Para a sua hospedagem em S\u00e3o Carlos, sugerimos as op\u00e7\u00f5es de hot\u00e9is a seguir, os valores informados incluem: caf\u00e9 da manh\u00e3, estacionamento e internet. Ao&hellip;Leia mais","og_url":"https:\/\/cdmf.org.br\/spimf2019\/hospedagem\/","og_site_name":"SPIMF 2019 | CDMF","article_publisher":"https:\/\/www.facebook.com\/CDMFCEPID\/","article_modified_time":"2019-04-25T17:50:34+00:00","og_image":[{"width":1200,"height":630,"url":"https:\/\/cdmf.org.br\/spimf2019\/wp-content\/uploads\/2019\/03\/52991361_2229272040452285_7351732659145408512_n.jpg","type":"image\/jpeg"}],"twitter_card":"summary_large_image","twitter_site":"@CDMF_comunica","twitter_misc":{"Est. tempo de leitura":"1 minuto"},"schema":{"@context":"https:\/\/schema.org","@graph":[{"@type":"WebPage","@id":"https:\/\/cdmf.org.br\/spimf2019\/hospedagem\/","url":"https:\/\/cdmf.org.br\/spimf2019\/hospedagem\/","name":"Hospedagem - SPIMF 2019 | CDMF","isPartOf":{"@id":"http:\/\/cdmf.org.br\/spimf2019\/#website"},"primaryImageOfPage":{"@id":"https:\/\/cdmf.org.br\/spimf2019\/hospedagem\/#primaryimage"},"image":{"@id":"https:\/\/cdmf.org.br\/spimf2019\/hospedagem\/#primaryimage"},"thumbnailUrl":"http:\/\/cdmf.org.br\/spimf2019\/wp-content\/uploads\/2019\/03\/52991361_2229272040452285_7351732659145408512_n.jpg","datePublished":"2019-04-25T17:43:20+00:00","dateModified":"2019-04-25T17:50:34+00:00","breadcrumb":{"@id":"https:\/\/cdmf.org.br\/spimf2019\/hospedagem\/#breadcrumb"},"inLanguage":"pt-BR","potentialAction":[{"@type":"ReadAction","target":["https:\/\/cdmf.org.br\/spimf2019\/hospedagem\/"]}]},{"@type":"ImageObject","inLanguage":"pt-BR","@id":"https:\/\/cdmf.org.br\/spimf2019\/hospedagem\/#primaryimage","url":"http:\/\/cdmf.org.br\/spimf2019\/wp-content\/uploads\/2019\/03\/52991361_2229272040452285_7351732659145408512_n.jpg","contentUrl":"http:\/\/cdmf.org.br\/spimf2019\/wp-content\/uploads\/2019\/03\/52991361_2229272040452285_7351732659145408512_n.jpg","width":1200,"height":630},{"@type":"BreadcrumbList","@id":"https:\/\/cdmf.org.br\/spimf2019\/hospedagem\/#breadcrumb","itemListElement":[{"@type":"ListItem","position":1,"name":"In\u00edcio","item":"http:\/\/cdmf.org.br\/spimf2019\/"},{"@type":"ListItem","position":2,"name":"Hospedagem"}]},{"@type":"WebSite","@id":"http:\/\/cdmf.org.br\/spimf2019\/#website","url":"http:\/\/cdmf.org.br\/spimf2019\/","name":"SPIMF | CDMF 2019","description":"Simp\u00f3sio de Pesquisa e Inova\u00e7\u00e3o em Materiais Funcionais | CEPID-FAPESP","publisher":{"@id":"http:\/\/cdmf.org.br\/spimf2019\/#organization"},"potentialAction":[{"@type":"SearchAction","target":{"@type":"EntryPoint","urlTemplate":"http:\/\/cdmf.org.br\/spimf2019\/?s={search_term_string}"},"query-input":{"@type":"PropertyValueSpecification","valueRequired":true,"valueName":"search_term_string"}}],"inLanguage":"pt-BR"},{"@type":"Organization","@id":"http:\/\/cdmf.org.br\/spimf2019\/#organization","name":"CDMF-CEPID","url":"http:\/\/cdmf.org.br\/spimf2019\/","logo":{"@type":"ImageObject","inLanguage":"pt-BR","@id":"http:\/\/cdmf.org.br\/spimf2019\/#\/schema\/logo\/image\/","url":"http:\/\/cdmf.org.br\/spimf2019\/wp-content\/uploads\/2019\/02\/cdmf-logo.png","contentUrl":"http:\/\/cdmf.org.br\/spimf2019\/wp-content\/uploads\/2019\/02\/cdmf-logo.png","width":200,"height":90,"caption":"CDMF-CEPID"},"image":{"@id":"http:\/\/cdmf.org.br\/spimf2019\/#\/schema\/logo\/image\/"},"sameAs":["https:\/\/www.facebook.com\/CDMFCEPID\/","https:\/\/x.com\/CDMF_comunica","https:\/\/www.instagram.com\/cdmf_fapesp\/","https:\/\/www.linkedin.com\/company\/cdmf-cepid\/","https:\/\/www.youtube.com\/channel\/UC3F0dJH6jQgFUC66RLxfetg"]}]}},"_links":{"self":[{"href":"http:\/\/cdmf.org.br\/spimf2019\/wp-json\/wp\/v2\/pages\/1084","targetHints":{"allow":["GET"]}}],"collection":[{"href":"http:\/\/cdmf.org.br\/spimf2019\/wp-json\/wp\/v2\/pages"}],"about":[{"href":"http:\/\/cdmf.org.br\/spimf2019\/wp-json\/wp\/v2\/types\/page"}],"author":[{"embeddable":true,"href":"http:\/\/cdmf.org.br\/spimf2019\/wp-json\/wp\/v2\/users\/1"}],"replies":[{"embeddable":true,"href":"http:\/\/cdmf.org.br\/spimf2019\/wp-json\/wp\/v2\/comments?post=1084"}],"version-history":[{"count":4,"href":"http:\/\/cdmf.org.br\/spimf2019\/wp-json\/wp\/v2\/pages\/1084\/revisions"}],"predecessor-version":[{"id":1487,"href":"http:\/\/cdmf.org.br\/spimf2019\/wp-json\/wp\/v2\/pages\/1084\/revisions\/1487"}],"wp:featuredmedia":[{"embeddable":true,"href":"http:\/\/cdmf.org.br\/spimf2019\/wp-json\/wp\/v2\/media\/803"}],"wp:attachment":[{"href":"http:\/\/cdmf.org.br\/spimf2019\/wp-json\/wp\/v2\/media?parent=1084"}],"curies":[{"name":"wp","href":"https:\/\/api.w.org\/{rel}","templated":true}]}}