{"id":665,"date":"2019-02-12T00:07:37","date_gmt":"2019-02-12T02:07:37","guid":{"rendered":"http:\/\/cdmf.org.br\/spimf2019\/?page_id=665"},"modified":"2019-05-16T13:35:26","modified_gmt":"2019-05-16T16:35:26","slug":"resumos","status":"publish","type":"page","link":"http:\/\/cdmf.org.br\/spimf2019\/resumos\/","title":{"rendered":"Resumos"},"content":{"rendered":"<div class=\"wpb-content-wrapper\"><p>[vc_row][vc_column][vc_column_text]<\/p>\n<h3>Prazos:<\/h3>\n<ol>\n<li>\n<h5>Data limite para realizar inscri\u00e7\u00e3o: 10\/05\/2019 (Vagas limitadas)<\/h5>\n<\/li>\n<li>\n<h5>Data limite para submiss\u00e3o de resumo: 05\/05\/2019<\/h5>\n<\/li>\n<li>\n<h5>Data limite para divulga\u00e7\u00e3o do aceite do resumo: 10\/05\/2019<\/h5>\n<\/li>\n<\/ol>\n<p>O arquivo deve ser no <strong>formato PDF<\/strong>, sem recursos de f\u00f3rmulas ou imagens, contendo no m\u00e1ximo 300 palavras, <strong>em ingl\u00eas<\/strong>.<\/p>\n<p>Siga as instru\u00e7\u00f5es no <strong>modelo de resumo<\/strong> no link: <a href=\"http:\/\/cdmf.org.br\/spimf2019\/wp-content\/uploads\/2019\/02\/mod_Resumo_SPIMF_2019.docx\">mod_Resumo_SPIMF_2019.doc<\/a>.<\/p>\n<p>Os arquivos dever ser <strong>nomeados no seguinte formato<\/strong>:<\/p>\n<ul>\n<li>N\u00famero do CPF do participante (sem pontos e tra\u00e7os) _ (underline) Nome do participante.<\/li>\n<li>Exemplo:<strong>\u00a0123456789_Fulano_de_Tal.pdf<\/strong><\/li>\n<li>Caso o participante envie mais de um trabalho, o mesmo deve enumerar os arquivos em cada submiss\u00e3o de resumo, como por exemplo:\n<ul>\n<li><strong>123456789_Fulano_de_Tal_1.pdf<\/strong><\/li>\n<li><strong>123456789_Fulano_de_Tal_2.pdf<\/strong><\/li>\n<li>etc;<\/li>\n<\/ul>\n<\/li>\n<\/ul>\n<p><strong>Dica:<\/strong> Envie o resumo quando estiver finalizando <strong>evitando v\u00e1rios envios de atualiza\u00e7\u00e3o<\/strong>, pois isto pode prejudicar a sele\u00e7\u00e3o do resumo correto pelo sistema.[\/vc_column_text][\/vc_column][\/vc_row]<\/p>\n<\/div>","protected":false},"excerpt":{"rendered":"<p>[vc_row][vc_column][vc_column_text] Prazos: Data limite para realizar inscri\u00e7\u00e3o: 10\/05\/2019 (Vagas limitadas) Data limite para submiss\u00e3o de resumo: 05\/05\/2019 Data limite para divulga\u00e7\u00e3o do aceite do resumo:&hellip;<\/p>\n<p><a href=\"http:\/\/cdmf.org.br\/spimf2019\/resumos\/\" class=\"read-more-link\"><span class=\"read-more-icon\"><\/span>Leia mais<\/a><\/p>\n","protected":false},"author":1,"featured_media":803,"parent":0,"menu_order":0,"comment_status":"closed","ping_status":"closed","template":"","meta":{"_exactmetrics_skip_tracking":false,"_exactmetrics_sitenote_active":false,"_exactmetrics_sitenote_note":"","_exactmetrics_sitenote_category":0,"footnotes":""},"class_list":["post-665","page","type-page","status-publish","has-post-thumbnail","hentry"],"yoast_head":"<!-- This site is optimized with the Yoast SEO plugin v24.2 - https:\/\/yoast.com\/wordpress\/plugins\/seo\/ -->\n<title>Resumos - SPIMF 2019 | CDMF<\/title>\n<meta name=\"robots\" content=\"index, follow, max-snippet:-1, max-image-preview:large, max-video-preview:-1\" \/>\n<link rel=\"canonical\" href=\"http:\/\/cdmf.org.br\/spimf2019\/resumos\/\" \/>\n<meta property=\"og:locale\" content=\"pt_BR\" \/>\n<meta property=\"og:type\" content=\"article\" \/>\n<meta property=\"og:title\" content=\"Resumos - SPIMF 2019 | CDMF\" \/>\n<meta property=\"og:description\" content=\"[vc_row][vc_column][vc_column_text] Prazos: Data limite para realizar inscri\u00e7\u00e3o: 10\/05\/2019 (Vagas limitadas) Data limite para submiss\u00e3o de resumo: 05\/05\/2019 Data limite para divulga\u00e7\u00e3o do aceite do resumo:&hellip;Leia mais\" \/>\n<meta property=\"og:url\" content=\"http:\/\/cdmf.org.br\/spimf2019\/resumos\/\" \/>\n<meta property=\"og:site_name\" content=\"SPIMF 2019 | CDMF\" \/>\n<meta property=\"article:publisher\" content=\"https:\/\/www.facebook.com\/CDMFCEPID\/\" \/>\n<meta property=\"article:modified_time\" content=\"2019-05-16T16:35:26+00:00\" \/>\n<meta property=\"og:image\" content=\"http:\/\/cdmf.org.br\/spimf2019\/wp-content\/uploads\/2019\/03\/52991361_2229272040452285_7351732659145408512_n.jpg\" \/>\n\t<meta property=\"og:image:width\" content=\"1200\" \/>\n\t<meta property=\"og:image:height\" content=\"630\" \/>\n\t<meta property=\"og:image:type\" content=\"image\/jpeg\" \/>\n<meta name=\"twitter:card\" content=\"summary_large_image\" \/>\n<meta name=\"twitter:site\" content=\"@CDMF_comunica\" \/>\n<meta name=\"twitter:label1\" content=\"Est. tempo de leitura\" \/>\n\t<meta name=\"twitter:data1\" content=\"1 minuto\" \/>\n<script type=\"application\/ld+json\" class=\"yoast-schema-graph\">{\"@context\":\"https:\/\/schema.org\",\"@graph\":[{\"@type\":\"WebPage\",\"@id\":\"http:\/\/cdmf.org.br\/spimf2019\/resumos\/\",\"url\":\"http:\/\/cdmf.org.br\/spimf2019\/resumos\/\",\"name\":\"Resumos - SPIMF 2019 | CDMF\",\"isPartOf\":{\"@id\":\"http:\/\/cdmf.org.br\/spimf2019\/#website\"},\"primaryImageOfPage\":{\"@id\":\"http:\/\/cdmf.org.br\/spimf2019\/resumos\/#primaryimage\"},\"image\":{\"@id\":\"http:\/\/cdmf.org.br\/spimf2019\/resumos\/#primaryimage\"},\"thumbnailUrl\":\"http:\/\/cdmf.org.br\/spimf2019\/wp-content\/uploads\/2019\/03\/52991361_2229272040452285_7351732659145408512_n.jpg\",\"datePublished\":\"2019-02-12T02:07:37+00:00\",\"dateModified\":\"2019-05-16T16:35:26+00:00\",\"breadcrumb\":{\"@id\":\"http:\/\/cdmf.org.br\/spimf2019\/resumos\/#breadcrumb\"},\"inLanguage\":\"pt-BR\",\"potentialAction\":[{\"@type\":\"ReadAction\",\"target\":[\"http:\/\/cdmf.org.br\/spimf2019\/resumos\/\"]}]},{\"@type\":\"ImageObject\",\"inLanguage\":\"pt-BR\",\"@id\":\"http:\/\/cdmf.org.br\/spimf2019\/resumos\/#primaryimage\",\"url\":\"http:\/\/cdmf.org.br\/spimf2019\/wp-content\/uploads\/2019\/03\/52991361_2229272040452285_7351732659145408512_n.jpg\",\"contentUrl\":\"http:\/\/cdmf.org.br\/spimf2019\/wp-content\/uploads\/2019\/03\/52991361_2229272040452285_7351732659145408512_n.jpg\",\"width\":1200,\"height\":630},{\"@type\":\"BreadcrumbList\",\"@id\":\"http:\/\/cdmf.org.br\/spimf2019\/resumos\/#breadcrumb\",\"itemListElement\":[{\"@type\":\"ListItem\",\"position\":1,\"name\":\"In\u00edcio\",\"item\":\"http:\/\/cdmf.org.br\/spimf2019\/\"},{\"@type\":\"ListItem\",\"position\":2,\"name\":\"Resumos\"}]},{\"@type\":\"WebSite\",\"@id\":\"http:\/\/cdmf.org.br\/spimf2019\/#website\",\"url\":\"http:\/\/cdmf.org.br\/spimf2019\/\",\"name\":\"SPIMF | CDMF 2019\",\"description\":\"Simp\u00f3sio de Pesquisa e Inova\u00e7\u00e3o em Materiais Funcionais | CEPID-FAPESP\",\"publisher\":{\"@id\":\"http:\/\/cdmf.org.br\/spimf2019\/#organization\"},\"potentialAction\":[{\"@type\":\"SearchAction\",\"target\":{\"@type\":\"EntryPoint\",\"urlTemplate\":\"http:\/\/cdmf.org.br\/spimf2019\/?s={search_term_string}\"},\"query-input\":{\"@type\":\"PropertyValueSpecification\",\"valueRequired\":true,\"valueName\":\"search_term_string\"}}],\"inLanguage\":\"pt-BR\"},{\"@type\":\"Organization\",\"@id\":\"http:\/\/cdmf.org.br\/spimf2019\/#organization\",\"name\":\"CDMF-CEPID\",\"url\":\"http:\/\/cdmf.org.br\/spimf2019\/\",\"logo\":{\"@type\":\"ImageObject\",\"inLanguage\":\"pt-BR\",\"@id\":\"http:\/\/cdmf.org.br\/spimf2019\/#\/schema\/logo\/image\/\",\"url\":\"http:\/\/cdmf.org.br\/spimf2019\/wp-content\/uploads\/2019\/02\/cdmf-logo.png\",\"contentUrl\":\"http:\/\/cdmf.org.br\/spimf2019\/wp-content\/uploads\/2019\/02\/cdmf-logo.png\",\"width\":200,\"height\":90,\"caption\":\"CDMF-CEPID\"},\"image\":{\"@id\":\"http:\/\/cdmf.org.br\/spimf2019\/#\/schema\/logo\/image\/\"},\"sameAs\":[\"https:\/\/www.facebook.com\/CDMFCEPID\/\",\"https:\/\/x.com\/CDMF_comunica\",\"https:\/\/www.instagram.com\/cdmf_fapesp\/\",\"https:\/\/www.linkedin.com\/company\/cdmf-cepid\/\",\"https:\/\/www.youtube.com\/channel\/UC3F0dJH6jQgFUC66RLxfetg\"]}]}<\/script>\n<!-- \/ Yoast SEO plugin. -->","yoast_head_json":{"title":"Resumos - SPIMF 2019 | CDMF","robots":{"index":"index","follow":"follow","max-snippet":"max-snippet:-1","max-image-preview":"max-image-preview:large","max-video-preview":"max-video-preview:-1"},"canonical":"http:\/\/cdmf.org.br\/spimf2019\/resumos\/","og_locale":"pt_BR","og_type":"article","og_title":"Resumos - SPIMF 2019 | CDMF","og_description":"[vc_row][vc_column][vc_column_text] Prazos: Data limite para realizar inscri\u00e7\u00e3o: 10\/05\/2019 (Vagas limitadas) Data limite para submiss\u00e3o de resumo: 05\/05\/2019 Data limite para divulga\u00e7\u00e3o do aceite do resumo:&hellip;Leia mais","og_url":"http:\/\/cdmf.org.br\/spimf2019\/resumos\/","og_site_name":"SPIMF 2019 | CDMF","article_publisher":"https:\/\/www.facebook.com\/CDMFCEPID\/","article_modified_time":"2019-05-16T16:35:26+00:00","og_image":[{"width":1200,"height":630,"url":"http:\/\/cdmf.org.br\/spimf2019\/wp-content\/uploads\/2019\/03\/52991361_2229272040452285_7351732659145408512_n.jpg","type":"image\/jpeg"}],"twitter_card":"summary_large_image","twitter_site":"@CDMF_comunica","twitter_misc":{"Est. tempo de leitura":"1 minuto"},"schema":{"@context":"https:\/\/schema.org","@graph":[{"@type":"WebPage","@id":"http:\/\/cdmf.org.br\/spimf2019\/resumos\/","url":"http:\/\/cdmf.org.br\/spimf2019\/resumos\/","name":"Resumos - SPIMF 2019 | CDMF","isPartOf":{"@id":"http:\/\/cdmf.org.br\/spimf2019\/#website"},"primaryImageOfPage":{"@id":"http:\/\/cdmf.org.br\/spimf2019\/resumos\/#primaryimage"},"image":{"@id":"http:\/\/cdmf.org.br\/spimf2019\/resumos\/#primaryimage"},"thumbnailUrl":"http:\/\/cdmf.org.br\/spimf2019\/wp-content\/uploads\/2019\/03\/52991361_2229272040452285_7351732659145408512_n.jpg","datePublished":"2019-02-12T02:07:37+00:00","dateModified":"2019-05-16T16:35:26+00:00","breadcrumb":{"@id":"http:\/\/cdmf.org.br\/spimf2019\/resumos\/#breadcrumb"},"inLanguage":"pt-BR","potentialAction":[{"@type":"ReadAction","target":["http:\/\/cdmf.org.br\/spimf2019\/resumos\/"]}]},{"@type":"ImageObject","inLanguage":"pt-BR","@id":"http:\/\/cdmf.org.br\/spimf2019\/resumos\/#primaryimage","url":"http:\/\/cdmf.org.br\/spimf2019\/wp-content\/uploads\/2019\/03\/52991361_2229272040452285_7351732659145408512_n.jpg","contentUrl":"http:\/\/cdmf.org.br\/spimf2019\/wp-content\/uploads\/2019\/03\/52991361_2229272040452285_7351732659145408512_n.jpg","width":1200,"height":630},{"@type":"BreadcrumbList","@id":"http:\/\/cdmf.org.br\/spimf2019\/resumos\/#breadcrumb","itemListElement":[{"@type":"ListItem","position":1,"name":"In\u00edcio","item":"http:\/\/cdmf.org.br\/spimf2019\/"},{"@type":"ListItem","position":2,"name":"Resumos"}]},{"@type":"WebSite","@id":"http:\/\/cdmf.org.br\/spimf2019\/#website","url":"http:\/\/cdmf.org.br\/spimf2019\/","name":"SPIMF | CDMF 2019","description":"Simp\u00f3sio de Pesquisa e Inova\u00e7\u00e3o em Materiais Funcionais | CEPID-FAPESP","publisher":{"@id":"http:\/\/cdmf.org.br\/spimf2019\/#organization"},"potentialAction":[{"@type":"SearchAction","target":{"@type":"EntryPoint","urlTemplate":"http:\/\/cdmf.org.br\/spimf2019\/?s={search_term_string}"},"query-input":{"@type":"PropertyValueSpecification","valueRequired":true,"valueName":"search_term_string"}}],"inLanguage":"pt-BR"},{"@type":"Organization","@id":"http:\/\/cdmf.org.br\/spimf2019\/#organization","name":"CDMF-CEPID","url":"http:\/\/cdmf.org.br\/spimf2019\/","logo":{"@type":"ImageObject","inLanguage":"pt-BR","@id":"http:\/\/cdmf.org.br\/spimf2019\/#\/schema\/logo\/image\/","url":"http:\/\/cdmf.org.br\/spimf2019\/wp-content\/uploads\/2019\/02\/cdmf-logo.png","contentUrl":"http:\/\/cdmf.org.br\/spimf2019\/wp-content\/uploads\/2019\/02\/cdmf-logo.png","width":200,"height":90,"caption":"CDMF-CEPID"},"image":{"@id":"http:\/\/cdmf.org.br\/spimf2019\/#\/schema\/logo\/image\/"},"sameAs":["https:\/\/www.facebook.com\/CDMFCEPID\/","https:\/\/x.com\/CDMF_comunica","https:\/\/www.instagram.com\/cdmf_fapesp\/","https:\/\/www.linkedin.com\/company\/cdmf-cepid\/","https:\/\/www.youtube.com\/channel\/UC3F0dJH6jQgFUC66RLxfetg"]}]}},"_links":{"self":[{"href":"http:\/\/cdmf.org.br\/spimf2019\/wp-json\/wp\/v2\/pages\/665","targetHints":{"allow":["GET"]}}],"collection":[{"href":"http:\/\/cdmf.org.br\/spimf2019\/wp-json\/wp\/v2\/pages"}],"about":[{"href":"http:\/\/cdmf.org.br\/spimf2019\/wp-json\/wp\/v2\/types\/page"}],"author":[{"embeddable":true,"href":"http:\/\/cdmf.org.br\/spimf2019\/wp-json\/wp\/v2\/users\/1"}],"replies":[{"embeddable":true,"href":"http:\/\/cdmf.org.br\/spimf2019\/wp-json\/wp\/v2\/comments?post=665"}],"version-history":[{"count":19,"href":"http:\/\/cdmf.org.br\/spimf2019\/wp-json\/wp\/v2\/pages\/665\/revisions"}],"predecessor-version":[{"id":1156,"href":"http:\/\/cdmf.org.br\/spimf2019\/wp-json\/wp\/v2\/pages\/665\/revisions\/1156"}],"wp:featuredmedia":[{"embeddable":true,"href":"http:\/\/cdmf.org.br\/spimf2019\/wp-json\/wp\/v2\/media\/803"}],"wp:attachment":[{"href":"http:\/\/cdmf.org.br\/spimf2019\/wp-json\/wp\/v2\/media?parent=665"}],"curies":[{"name":"wp","href":"https:\/\/api.w.org\/{rel}","templated":true}]}}