{"id":1520,"date":"2020-08-13T16:32:33","date_gmt":"2020-08-13T19:32:33","guid":{"rendered":"http:\/\/cdmf.org.br\/e-meeting\/?page_id=1520"},"modified":"2021-07-21T11:31:56","modified_gmt":"2021-07-21T14:31:56","slug":"areas","status":"publish","type":"page","link":"https:\/\/cdmf.org.br\/e-meeting\/areas\/","title":{"rendered":"\u00c1reas"},"content":{"rendered":"<div class=\"fusion-fullwidth fullwidth-box fusion-builder-row-1 fusion-flex-container nonhundred-percent-fullwidth non-hundred-percent-height-scrolling\" style=\"background-color: rgba(255,255,255,0);background-position: center center;background-repeat: no-repeat;border-width: 0px 0px 0px 0px;border-color:#eae9e9;border-style:solid;\" ><div class=\"fusion-builder-row fusion-row fusion-flex-align-items-flex-start\" style=\"max-width:1331.2px;margin-left: calc(-4% \/ 2 );margin-right: calc(-4% \/ 2 );\"><div class=\"fusion-layout-column fusion_builder_column fusion-builder-column-0 fusion_builder_column_1_1 1_1 fusion-flex-column\"><div class=\"fusion-column-wrapper fusion-flex-justify-content-flex-start fusion-content-layout-column\" style=\"background-position:left top;background-repeat:no-repeat;-webkit-background-size:cover;-moz-background-size:cover;-o-background-size:cover;background-size:cover;padding: 0px 0px 0px 0px;\"><div class=\"fusion-text fusion-text-1\"><h3><strong>\u00c1reas<\/strong><\/h3>\n<\/div><div class=\"fusion-tabs fusion-tabs-1 clean vertical-tabs icon-position-left\"><style type=\"text\/css\">#wrapper .fusion-tabs.fusion-tabs-1.clean .nav-tabs li a.tab-link{border-color:#f4f4f4;}.fusion-tabs.fusion-tabs-1 .nav-tabs li a.tab-link{background-color:#ffee59;}.fusion-tabs.fusion-tabs-1 .nav-tabs li.active a.tab-link,.fusion-tabs.fusion-tabs-1 .nav-tabs li.active a.tab-link:hover,.fusion-tabs.fusion-tabs-1 .nav-tabs li.active a.tab-link:focus{background-color:#64c7f4;}.fusion-tabs.fusion-tabs-1 .nav-tabs li a:hover{background-color:#64c7f4;border-top-color:#64c7f4;}.fusion-tabs.fusion-tabs-1 .tab-pane{background-color:#64c7f4;}.fusion-tabs.fusion-tabs-1 .nav,.fusion-tabs.fusion-tabs-1 .nav-tabs,.fusion-tabs.fusion-tabs-1 .tab-content .tab-pane{border-color:#f4f4f4;}<\/style><div class=\"nav\"><ul class=\"nav-tabs\"><li class=\"active\"><a class=\"tab-link\" data-toggle=\"tab\" id=\"fusion-tab-optoeletr\u00d4nica\" href=\"#tab-ec04134034a15f615a6\"><h4 class=\"fusion-tab-heading\"><i class=\"fontawesome-icon fa-plus fas\" aria-hidden=\"true\" style=\"font-size:13px;\"><\/i>OPTOELETR\u00d4NICA<\/h4><\/a><\/li><li><a class=\"tab-link\" data-toggle=\"tab\" id=\"fusion-tab-cat\u00c1lise\" href=\"#tab-4deb7b075230f4edc56\"><h4 class=\"fusion-tab-heading\"><i class=\"fontawesome-icon fa-plus fas\" aria-hidden=\"true\" style=\"font-size:13px;\"><\/i>CAT\u00c1LISE<\/h4><\/a><\/li><li><a class=\"tab-link\" data-toggle=\"tab\" id=\"fusion-tab-s\u00cdntesedemateriaisfuncionais\" href=\"#tab-33424bc57eef8b82747\"><h4 class=\"fusion-tab-heading\"><i class=\"fontawesome-icon fa-plus fas\" aria-hidden=\"true\" style=\"font-size:13px;\"><\/i>S\u00cdNTESE DE MATERIAIS FUNCIONAIS<\/h4><\/a><\/li><li><a class=\"tab-link\" data-toggle=\"tab\" id=\"fusion-tab-educa\u00c7\u00c3oedifus\u00c3oemmateriais\" href=\"#tab-952367ab133eab64724\"><h4 class=\"fusion-tab-heading\"><i class=\"fontawesome-icon fa-plus fas\" aria-hidden=\"true\" style=\"font-size:13px;\"><\/i>EDUCA\u00c7\u00c3O E DIFUS\u00c3O EM MATERIAIS<\/h4><\/a><\/li><li><a class=\"tab-link\" data-toggle=\"tab\" id=\"fusion-tab-teoriacomputacional\" href=\"#tab-0690d06a8805f5954f6\"><h4 class=\"fusion-tab-heading\"><i class=\"fontawesome-icon fa-plus fas\" aria-hidden=\"true\" style=\"font-size:13px;\"><\/i>TEORIA COMPUTACIONAL<\/h4><\/a><\/li><li><a class=\"tab-link\" data-toggle=\"tab\" id=\"fusion-tab-energia\" href=\"#tab-5a822cbd290702c9e38\"><h4 class=\"fusion-tab-heading\"><i class=\"fontawesome-icon fa-plus fas\" aria-hidden=\"true\" style=\"font-size:13px;\"><\/i>ENERGIA<\/h4><\/a><\/li><li><a class=\"tab-link\" data-toggle=\"tab\" id=\"fusion-tab-sa\u00dade\" href=\"#tab-09d7ba0f8440c4ece6a\"><h4 class=\"fusion-tab-heading\"><i class=\"fontawesome-icon fa-plus fas\" aria-hidden=\"true\" style=\"font-size:13px;\"><\/i>SA\u00daDE<\/h4><\/a><\/li><li><a class=\"tab-link\" data-toggle=\"tab\" id=\"fusion-tab-meioambiente\" href=\"#tab-611f5ee7c0a0195f151\"><h4 class=\"fusion-tab-heading\"><i class=\"fontawesome-icon fa-plus fas\" aria-hidden=\"true\" style=\"font-size:13px;\"><\/i>MEIO AMBIENTE<\/h4><\/a><\/li><\/ul><\/div><div class=\"tab-content\"><div class=\"nav fusion-mobile-tab-nav\"><ul class=\"nav-tabs\"><li class=\"active\"><a class=\"tab-link\" data-toggle=\"tab\" id=\"mobile-fusion-tab-optoeletr\u00d4nica\" href=\"#tab-ec04134034a15f615a6\"><h4 class=\"fusion-tab-heading\"><i class=\"fontawesome-icon fa-plus fas\" aria-hidden=\"true\" style=\"font-size:13px;\"><\/i>OPTOELETR\u00d4NICA<\/h4><\/a><\/li><\/ul><\/div><div class=\"tab-pane fade fusion-clearfix in active\" id=\"tab-ec04134034a15f615a6\">\n<p style=\"text-align: justify;\">A optoeletr\u00f4nica \u00e9 a \u00e1rea que estuda a concep\u00e7\u00e3o de dispositivos que associam eletr\u00f4nica \u00e0 \u00f3ptica ou que empregam a intera\u00e7\u00e3o de fen\u00f4menos \u00f3pticos e eletr\u00f4nicos, estando presente em diversas aplica\u00e7\u00f5es do cotidiano, como comunica\u00e7\u00e3o, computa\u00e7\u00e3o, entretenimento, ilumina\u00e7\u00e3o e medicina. Este ramo baseia-se, portanto, no estudo e uso de dispositivos eletr\u00f4nicos fabricados a partir de materiais que fornecem, identificam e\/ou controlam a luz, ressaltando a vital import\u00e2ncia da compreens\u00e3o das propriedades e desenvolvimento desses materiais.<\/p>\n<\/div><div class=\"nav fusion-mobile-tab-nav\"><ul class=\"nav-tabs\"><li><a class=\"tab-link\" data-toggle=\"tab\" id=\"mobile-fusion-tab-cat\u00c1lise\" href=\"#tab-4deb7b075230f4edc56\"><h4 class=\"fusion-tab-heading\"><i class=\"fontawesome-icon fa-plus fas\" aria-hidden=\"true\" style=\"font-size:13px;\"><\/i>CAT\u00c1LISE<\/h4><\/a><\/li><\/ul><\/div><div class=\"tab-pane fade fusion-clearfix\" id=\"tab-4deb7b075230f4edc56\">\n<p>Cat\u00e1lise \u00e9 amplamente conhecida como o aumento da velocidade de uma rea\u00e7\u00e3o, devido \u00e0 adi\u00e7\u00e3o de uma subst\u00e2ncia, definida como sendo o catalisador. A cat\u00e1lise \u00e9 particularmente importante para o desenvolvimento de novas tecnologias para todos os setores da ind\u00fastria. Estudos na \u00e1rea de cat\u00e1lise incluem a s\u00edntese e caracteriza\u00e7\u00e3o de catalisadores (metais, \u00f3xidos met\u00e1licos, complexos met\u00e1licos e organomet\u00e1licos, enzimas, mol\u00e9culas org\u00e2nicas, etc) e o emprego de catalisadores para as mais variadas aplica\u00e7\u00f5es e todas as \u00e1reas.<\/p>\n<\/div><div class=\"nav fusion-mobile-tab-nav\"><ul class=\"nav-tabs\"><li><a class=\"tab-link\" data-toggle=\"tab\" id=\"mobile-fusion-tab-s\u00cdntesedemateriaisfuncionais\" href=\"#tab-33424bc57eef8b82747\"><h4 class=\"fusion-tab-heading\"><i class=\"fontawesome-icon fa-plus fas\" aria-hidden=\"true\" style=\"font-size:13px;\"><\/i>S\u00cdNTESE DE MATERIAIS FUNCIONAIS<\/h4><\/a><\/li><\/ul><\/div><div class=\"tab-pane fade fusion-clearfix\" id=\"tab-33424bc57eef8b82747\">\n<p style=\"text-align: justify;\">Qu\u00edmica de Materiais \u00e9 definida como a \u00e1rea de estudos voltados \u00e0 s\u00edntese, caracteriza\u00e7\u00e3o, avalia\u00e7\u00e3o de propriedades e estudo de aplica\u00e7\u00f5es de materiais funcionais. A produ\u00e7\u00e3o e caracteriza\u00e7\u00e3o de materiais \u00e9 um dos principais pilares da pesquisa fundamental. A s\u00edntese de materiais funcionais atua na pesquisa e desenvolvimento de compostos visando aplica\u00e7\u00f5es tecnol\u00f3gicas ou melhorias significativas em tecnologias j\u00e1 existentes.<\/p>\n<\/div><div class=\"nav fusion-mobile-tab-nav\"><ul class=\"nav-tabs\"><li><a class=\"tab-link\" data-toggle=\"tab\" id=\"mobile-fusion-tab-educa\u00c7\u00c3oedifus\u00c3oemmateriais\" href=\"#tab-952367ab133eab64724\"><h4 class=\"fusion-tab-heading\"><i class=\"fontawesome-icon fa-plus fas\" aria-hidden=\"true\" style=\"font-size:13px;\"><\/i>EDUCA\u00c7\u00c3O E DIFUS\u00c3O EM MATERIAIS<\/h4><\/a><\/li><\/ul><\/div><div class=\"tab-pane fade fusion-clearfix\" id=\"tab-952367ab133eab64724\">\n<p style=\"text-align: justify;\">A difus\u00e3o do conhecimento na \u00e1rea de Materiais \u2013 em atividades que v\u00e3o da educa\u00e7\u00e3o formal em seus diferentes n\u00edveis at\u00e9 o jornalismo cient\u00edfico e a atua\u00e7\u00e3o em espa\u00e7os como centros e museus de Ci\u00eancia \u2013 cumpre diferentes fins e \u00e9 movida por objetivos diversos, como a atra\u00e7\u00e3o de jovens para as carreiras relacionadas, a valoriza\u00e7\u00e3o da pesquisa na \u00e1rea e a democratiza\u00e7\u00e3o da possibilidade de participa\u00e7\u00e3o em decis\u00f5es envolvendo esse conhecimento. Estudos e experi\u00eancias pr\u00e1ticas nesse campo abrangente ser\u00e3o discutidos.<\/p>\n<\/div><div class=\"nav fusion-mobile-tab-nav\"><ul class=\"nav-tabs\"><li><a class=\"tab-link\" data-toggle=\"tab\" id=\"mobile-fusion-tab-teoriacomputacional\" href=\"#tab-0690d06a8805f5954f6\"><h4 class=\"fusion-tab-heading\"><i class=\"fontawesome-icon fa-plus fas\" aria-hidden=\"true\" style=\"font-size:13px;\"><\/i>TEORIA COMPUTACIONAL<\/h4><\/a><\/li><\/ul><\/div><div class=\"tab-pane fade fusion-clearfix\" id=\"tab-0690d06a8805f5954f6\">\n<p style=\"text-align: justify;\">Estudos computacionais s\u00e3o reconhecidamente \u00fateis na Ci\u00eancia dos Materiais, seja no design de metodologias e materiais com especificidades definidas ou no melhor entendimento de propriedades e processos f\u00edsicos observados.A otimiza\u00e7\u00e3o dos modelos te\u00f3ricos \u00e9 de extrema import\u00e2ncia para a descri\u00e7\u00e3o do material e do fen\u00f4meno f\u00edsico estudado, aprimorando assim a correla\u00e7\u00e3o entre resultados experimentais e embasamentos te\u00f3ricos.<\/p>\n<\/div><div class=\"nav fusion-mobile-tab-nav\"><ul class=\"nav-tabs\"><li><a class=\"tab-link\" data-toggle=\"tab\" id=\"mobile-fusion-tab-energia\" href=\"#tab-5a822cbd290702c9e38\"><h4 class=\"fusion-tab-heading\"><i class=\"fontawesome-icon fa-plus fas\" aria-hidden=\"true\" style=\"font-size:13px;\"><\/i>ENERGIA<\/h4><\/a><\/li><\/ul><\/div><div class=\"tab-pane fade fusion-clearfix\" id=\"tab-5a822cbd290702c9e38\">\n<p style=\"text-align: justify;\">Dado o crescente aumento da demanda energ\u00e9tica mundial aliado a utiliza\u00e7\u00e3o de uma matriz baseada em recursos finitos, o campo de estudo relacionado a tem\u00e1tica energ\u00e9tica \u00e9 amplo. Atualmente, a compreens\u00e3o e desenvolvimento de materiais funcionais que possam ser utilizados na convers\u00e3o e armazenamento de energia,destacando-se aqueles relacionados a processos limpos e renov\u00e1veis, favorecem o surgimento e aprimoramento de tecnologias e aplica\u00e7\u00f5es com potencial impacto na matriz energ\u00e9tica.<\/p>\n<\/div><div class=\"nav fusion-mobile-tab-nav\"><ul class=\"nav-tabs\"><li><a class=\"tab-link\" data-toggle=\"tab\" id=\"mobile-fusion-tab-sa\u00dade\" href=\"#tab-09d7ba0f8440c4ece6a\"><h4 class=\"fusion-tab-heading\"><i class=\"fontawesome-icon fa-plus fas\" aria-hidden=\"true\" style=\"font-size:13px;\"><\/i>SA\u00daDE<\/h4><\/a><\/li><\/ul><\/div><div class=\"tab-pane fade fusion-clearfix\" id=\"tab-09d7ba0f8440c4ece6a\">\n<p style=\"text-align: justify;\">A busca por conhecimentos e tecnologias que possam melhorar a qualidade devida da popula\u00e7\u00e3o \u00e9 fundamental. Nesse contexto, \u00e9 imprescind\u00edvel a converg\u00eancia de avan\u00e7os em diversas \u00e1reas focando no desenvolvimento de materiais biocompat\u00edveis capazes de interagir com alvos biol\u00f3gicos espec\u00edficos, seja atuando como microbicidas,antitumorais, agentes teran\u00f3sticos ou no reparo\/regenera\u00e7\u00e3o de tecidos.<\/p>\n<\/div><div class=\"nav fusion-mobile-tab-nav\"><ul class=\"nav-tabs\"><li><a class=\"tab-link\" data-toggle=\"tab\" id=\"mobile-fusion-tab-meioambiente\" href=\"#tab-611f5ee7c0a0195f151\"><h4 class=\"fusion-tab-heading\"><i class=\"fontawesome-icon fa-plus fas\" aria-hidden=\"true\" style=\"font-size:13px;\"><\/i>MEIO AMBIENTE<\/h4><\/a><\/li><\/ul><\/div><div class=\"tab-pane fade fusion-clearfix\" id=\"tab-611f5ee7c0a0195f151\">\n<p style=\"text-align: justify;\">As quest\u00f5es ambientais s\u00e3o temas das principais discuss\u00f5es ao redor do mundo. O desenvolvimento de alternativas para preserva\u00e7\u00e3o da natureza e recupera\u00e7\u00e3o de recursos para as pr\u00f3ximas gera\u00e7\u00f5es \u00e9 uma grande quest\u00e3o para a ci\u00eancia. Novas alternativas, por meio da produ\u00e7\u00e3o de materiais funcionais, se mostram eficazes no que diz respeito n\u00e3o somente a busca por materiais e processos menos agressivos ao ambiente, como tamb\u00e9m para o desenvolvimento de metodologias de tratamento a meios agredidos, aliando estudos sobre a integra\u00e7\u00e3o entre funcionalidade e toxicidade.<\/p>\n<\/div><\/div><\/div><\/div><\/div><style type=\"text\/css\">.fusion-body .fusion-builder-column-0{width:100% !important;margin-top : 0px;margin-bottom : 0px;}.fusion-builder-column-0 > .fusion-column-wrapper {padding-top : 0px !important;padding-right : 0px !important;margin-right : 1.92%;padding-bottom : 0px !important;padding-left : 0px !important;margin-left : 1.92%;}@media only screen and (max-width:1024px) {.fusion-body .fusion-builder-column-0{width:100% !important;order : 0;}.fusion-builder-column-0 > .fusion-column-wrapper {margin-right : 1.92%;margin-left : 1.92%;}}@media only screen and (max-width:640px) {.fusion-body .fusion-builder-column-0{width:100% !important;order : 0;}.fusion-builder-column-0 > .fusion-column-wrapper {margin-right : 1.92%;margin-left : 1.92%;}}<\/style><\/div><style type=\"text\/css\">.fusion-body .fusion-flex-container.fusion-builder-row-1{ padding-top : 0px;margin-top : 0px;padding-right : 0px;padding-bottom : 0px;margin-bottom : 0px;padding-left : 0px;}<\/style><\/div>\n","protected":false},"excerpt":{"rendered":"","protected":false},"author":1,"featured_media":0,"parent":0,"menu_order":0,"comment_status":"closed","ping_status":"closed","template":"","meta":{"_monsterinsights_skip_tracking":false,"_monsterinsights_sitenote_active":false,"_monsterinsights_sitenote_note":"","_monsterinsights_sitenote_category":0,"footnotes":""},"class_list":["post-1520","page","type-page","status-publish","hentry"],"_links":{"self":[{"href":"https:\/\/cdmf.org.br\/e-meeting\/wp-json\/wp\/v2\/pages\/1520","targetHints":{"allow":["GET"]}}],"collection":[{"href":"https:\/\/cdmf.org.br\/e-meeting\/wp-json\/wp\/v2\/pages"}],"about":[{"href":"https:\/\/cdmf.org.br\/e-meeting\/wp-json\/wp\/v2\/types\/page"}],"author":[{"embeddable":true,"href":"https:\/\/cdmf.org.br\/e-meeting\/wp-json\/wp\/v2\/users\/1"}],"replies":[{"embeddable":true,"href":"https:\/\/cdmf.org.br\/e-meeting\/wp-json\/wp\/v2\/comments?post=1520"}],"version-history":[{"count":15,"href":"https:\/\/cdmf.org.br\/e-meeting\/wp-json\/wp\/v2\/pages\/1520\/revisions"}],"predecessor-version":[{"id":1888,"href":"https:\/\/cdmf.org.br\/e-meeting\/wp-json\/wp\/v2\/pages\/1520\/revisions\/1888"}],"wp:attachment":[{"href":"https:\/\/cdmf.org.br\/e-meeting\/wp-json\/wp\/v2\/media?parent=1520"}],"curies":[{"name":"wp","href":"https:\/\/api.w.org\/{rel}","templated":true}]}}