{"id":1892,"date":"2021-07-21T11:37:44","date_gmt":"2021-07-21T14:37:44","guid":{"rendered":"http:\/\/cdmf.org.br\/e-meeting\/?page_id=1892"},"modified":"2021-11-29T14:40:19","modified_gmt":"2021-11-29T17:40:19","slug":"trabalhos","status":"publish","type":"page","link":"https:\/\/cdmf.org.br\/e-meeting\/trabalhos\/","title":{"rendered":"Trabalhos"},"content":{"rendered":"<p><strong>ATEN\u00c7\u00c3O<\/strong><\/p>\n<p>O prazo de envio de trabalhos para apresenta\u00e7\u00e3o no II Encontro Virtual de Materiais e Ci\u00eancia (e-Mat&amp;Sci2) foi <strong>prorrogado at\u00e9 o dia 30\/10<\/strong>. O aceite dos trabalhos ser\u00e1 informado por e-mail at\u00e9 o dia 1\/11. As apresenta\u00e7\u00f5es dos trabalhos aceitos (contendo entre tr\u00eas e cinco slides) dever\u00e3o ser enviadas para a organiza\u00e7\u00e3o do evento <strong>at\u00e9 o dia 5\/11<\/strong>, preferencialmente em formato DOCX, no e-mail <a href=\"mailto:emeeting.cdmf@gmail.com\">emeeting.cdmf@gmail.com<\/a>. Todos os trabalhos aprovados ser\u00e3o publicados nos anais eletr\u00f4nicos do evento e as melhores apresenta\u00e7\u00f5es receber\u00e3o men\u00e7\u00f5es honrosas da organiza\u00e7\u00e3o do encontro.<\/p>\n<p>&nbsp;<\/p>\n<hr \/>\n<p>&nbsp;<\/p>\n<p>O Comit\u00ea de Organiza\u00e7\u00e3o do &#8220;e-Mat&amp;Sci2&#8221; receber\u00e1 submiss\u00f5es dos at\u00e9 o dia 20 de outubro de 2021.<\/p>\n<p>Os trabalhos devem ser enviados para uma das \u00e1reas espec\u00edficas abordadas no evento (Optoeletr\u00f4nica; Cat\u00e1lise; S\u00edntese de Materiais Funcionais; Educa\u00e7\u00e3o e Difus\u00e3o em Materiais; Teoria Computacional; Energia; Sa\u00fade; e, por fim, Meio Ambiente).<\/p>\n<p>O texto pode ser enviado em Portugu\u00eas ou Ingl\u00eas, contendo no m\u00ednimo 2 e no m\u00e1ximo 3 p\u00e1ginas. O resumo do trabalho (abstract) deve ser redigido obrigatoriamente em Ingl\u00eas.<\/p>\n<p><strong>Os trabalhos devem ser submetidos de acordo com os crit\u00e9rios a seguir:<\/strong><\/p>\n<ol>\n<li>Obedecer \u00e0 formata\u00e7\u00e3o do template dispon\u00edvel para Download <strong><a href=\"http:\/\/cdmf.org.br\/e-meeting\/wp-content\/uploads\/2021\/11\/template-e-mat-.docx\" target=\"_blank\" rel=\"noopener\">AQUI<\/a><\/strong>.<\/li>\n<li>O arquivo deve ser salvo no formato DOCX.<\/li>\n<li>N\u00e3o utilize notas de rodap\u00e9.<\/li>\n<\/ol>\n<p>O Comit\u00ea de Organiza\u00e7\u00e3o encaminhar\u00e1 para a Coordena\u00e7\u00e3o de \u00c1rea os resumos enviados para aprova\u00e7\u00e3o. A submiss\u00e3o dever\u00e1 ser realizada no ato de inscri\u00e7\u00e3o diretamente no site do evento: <a href=\"http:\/\/cdmf.org.br\/e-meeting\/\">http:\/\/cdmf.org.br\/e-meeting\/<\/a><\/p>\n<p>O aceite do trabalho ser\u00e1 enviado aos e-mails cadastrados pelos autores no formul\u00e1rio de inscri\u00e7\u00e3o.<\/p>\n<p>Cada participante s\u00f3 poder\u00e1 ser o primeiro autor de um trabalho, entretanto, n\u00e3o h\u00e1 limite para coautoria em outros trabalhos. Os trabalhos ser\u00e3o apresentados no formato \u201cFlash\u201d, com dura\u00e7\u00e3o de cinco minutos. Os autores poder\u00e3o utilizar entre tr\u00eas e cinco slides. Os \u00faltimos 20 minutos de cada sess\u00e3o de apresenta\u00e7\u00f5es ser\u00e3o utilizados para as discuss\u00f5es referentes ao conjunto de trabalhos apresentados.<\/p>\n<p><strong>ATEN\u00c7\u00c3O:<\/strong> N\u00e3o ser\u00e3o avaliados trabalhos que n\u00e3o atendam aos crit\u00e9rios estabelecidos anteriormente. O material aceito n\u00e3o ser\u00e1 pass\u00edvel de substitui\u00e7\u00e3o e\/ou modifica\u00e7\u00f5es posteriores. A revis\u00e3o do(s) trabalho(s) \u00e9 de responsabilidade do(s) autor(es).<\/p>\n","protected":false},"excerpt":{"rendered":"<p>ATEN\u00c7\u00c3O O prazo de envio de trabalhos para apresenta\u00e7\u00e3o no II Encontro Virtual de Materiais e Ci\u00eancia (e-Mat&amp;Sci2) foi prorrogado at\u00e9 o [&hellip;]<\/p>\n","protected":false},"author":1,"featured_media":0,"parent":0,"menu_order":0,"comment_status":"closed","ping_status":"closed","template":"","meta":{"_monsterinsights_skip_tracking":false,"_monsterinsights_sitenote_active":false,"_monsterinsights_sitenote_note":"","_monsterinsights_sitenote_category":0,"footnotes":""},"class_list":["post-1892","page","type-page","status-publish","hentry"],"_links":{"self":[{"href":"https:\/\/cdmf.org.br\/e-meeting\/wp-json\/wp\/v2\/pages\/1892","targetHints":{"allow":["GET"]}}],"collection":[{"href":"https:\/\/cdmf.org.br\/e-meeting\/wp-json\/wp\/v2\/pages"}],"about":[{"href":"https:\/\/cdmf.org.br\/e-meeting\/wp-json\/wp\/v2\/types\/page"}],"author":[{"embeddable":true,"href":"https:\/\/cdmf.org.br\/e-meeting\/wp-json\/wp\/v2\/users\/1"}],"replies":[{"embeddable":true,"href":"https:\/\/cdmf.org.br\/e-meeting\/wp-json\/wp\/v2\/comments?post=1892"}],"version-history":[{"count":10,"href":"https:\/\/cdmf.org.br\/e-meeting\/wp-json\/wp\/v2\/pages\/1892\/revisions"}],"predecessor-version":[{"id":2072,"href":"https:\/\/cdmf.org.br\/e-meeting\/wp-json\/wp\/v2\/pages\/1892\/revisions\/2072"}],"wp:attachment":[{"href":"https:\/\/cdmf.org.br\/e-meeting\/wp-json\/wp\/v2\/media?parent=1892"}],"curies":[{"name":"wp","href":"https:\/\/api.w.org\/{rel}","templated":true}]}}