{"id":2051,"date":"2021-11-09T10:56:49","date_gmt":"2021-11-09T13:56:49","guid":{"rendered":"http:\/\/cdmf.org.br\/e-meeting\/?page_id=2051"},"modified":"2021-11-09T18:46:29","modified_gmt":"2021-11-09T21:46:29","slug":"programacao-2021","status":"publish","type":"page","link":"https:\/\/cdmf.org.br\/e-meeting\/programacao-2021\/","title":{"rendered":"Programa\u00e7\u00e3o 2021"},"content":{"rendered":"<h1><strong>Dia 1 (09\/11)<\/strong><\/h1>\n<h3 class=\"title style-scope ytd-video-primary-info-renderer\"><strong>9h | Abertura \u2013 Prof. Elson Longo da Silva e Profa. Lucia Helena Mascaro<\/strong><\/h3>\n<div class=\"video-shortcode\"><iframe loading=\"lazy\" title=\"e-Mat&amp;Sci2 | Abertura \u2013 Prof. Elson Longo da Silva e Profa. Lucia Helena Mascaro\" width=\"1280\" height=\"720\" src=\"https:\/\/www.youtube.com\/embed\/W72JtjZD0UI?feature=oembed\" frameborder=\"0\" allow=\"accelerometer; autoplay; clipboard-write; encrypted-media; gyroscope; picture-in-picture\" allowfullscreen><\/iframe><\/div>\n<hr \/>\n<h2><\/h2>\n<h3 class=\"title style-scope ytd-video-primary-info-renderer\"><strong>9h30 | Palestra 1 \u2013 Jefferson Bettini<\/strong><\/h3>\n<p><em><strong>Nanoscience and nanotechnology at nano and atomic scale by Transmission electron Microscopy<\/strong><\/em><\/p>\n<div class=\"video-shortcode\"><iframe loading=\"lazy\" title=\"e-Mat&amp;Sci2 | Palestra 1 \u2013 Jefferson Bettini\" width=\"1280\" height=\"720\" src=\"https:\/\/www.youtube.com\/embed\/qA_aKbH1Ijg?feature=oembed\" frameborder=\"0\" allow=\"accelerometer; autoplay; clipboard-write; encrypted-media; gyroscope; picture-in-picture\" allowfullscreen><\/iframe><\/div>\n<hr \/>\n<h2><\/h2>\n<h3><strong>14h | Palestra 2 &#8211; Daniel Leiva<\/strong><\/h3>\n<p><em><strong>Uma Introdu\u00e7\u00e3o \u00e0 Ci\u00eancia e Tecnologia dos Materiais e a Alguns de seus Avan\u00e7os Recentes e Desafios Atuais<\/strong><\/em><\/p>\n<div class=\"video-shortcode\"><iframe loading=\"lazy\" title=\"e-Mat&amp;Sci2 | Palestra 2 - Daniel Leiva\" width=\"1280\" height=\"720\" src=\"https:\/\/www.youtube.com\/embed\/hMZYrXEPuFA?feature=oembed\" frameborder=\"0\" allow=\"accelerometer; autoplay; clipboard-write; encrypted-media; gyroscope; picture-in-picture\" allowfullscreen><\/iframe><\/div>\n<hr \/>\n<h2><\/h2>\n<h3 class=\"title style-scope ytd-video-primary-info-renderer\"><strong>16h50 | Palestra 3 \u2013 Mateus Cardoso<\/strong><\/h3>\n<p><em><strong>SARS-CoV2 e medicina personalizada: O que eles t\u00eam em comum?<\/strong><\/em><\/p>\n<div class=\"video-shortcode\"><iframe loading=\"lazy\" title=\"e-Mat&amp;Sci2 | Palestra 3 \u2013 Mateus Cardoso\" width=\"1280\" height=\"720\" src=\"https:\/\/www.youtube.com\/embed\/epRhe2uOUbo?feature=oembed\" frameborder=\"0\" allow=\"accelerometer; autoplay; clipboard-write; encrypted-media; gyroscope; picture-in-picture\" allowfullscreen><\/iframe><\/div>\n<hr \/>\n<h2><\/h2>\n<h1><strong>Dia 2 (10\/11)<\/strong><\/h1>\n<h3 class=\"title style-scope ytd-video-primary-info-renderer\"><strong>9h30 | Palestra 4 \u2013 Anna Hankin<\/strong><\/h3>\n<p><em><strong>Pitfalls in the characterisation of semiconductor | liquid interfaces<\/strong><\/em><\/p>\n<div class=\"video-shortcode\"><iframe loading=\"lazy\" title=\"e-Mat&amp;Sci2 | Palestra 4 \u2013 Anna Hankin\" width=\"1280\" height=\"720\" src=\"https:\/\/www.youtube.com\/embed\/ABQHLmXFBRg?feature=oembed\" frameborder=\"0\" allow=\"accelerometer; autoplay; clipboard-write; encrypted-media; gyroscope; picture-in-picture\" allowfullscreen><\/iframe><\/div>\n<hr \/>\n<h2><\/h2>\n<h3 class=\"title style-scope ytd-video-primary-info-renderer\"><strong>14h | Palestra 5 \u2013 Lourdes Gracia<\/strong><\/h3>\n<p><em><strong>Silver ternary oxide compounds as multifunctional materials: fundamentals and progress of versatile semiconductors<\/strong><\/em><\/p>\n<div class=\"video-shortcode\"><iframe loading=\"lazy\" title=\"e-Mat&amp;Sci2 | Palestra 5 \u2013 Lourdes Gracia\" width=\"1280\" height=\"720\" src=\"https:\/\/www.youtube.com\/embed\/7l2dCQHcpFk?feature=oembed\" frameborder=\"0\" allow=\"accelerometer; autoplay; clipboard-write; encrypted-media; gyroscope; picture-in-picture\" allowfullscreen><\/iframe><\/div>\n<hr \/>\n<h2><\/h2>\n<h3 class=\"title style-scope ytd-video-primary-info-renderer\"><strong>16h50 | Palestra 6 \u2013 Daniel Corr\u00eaa<\/strong><\/h3>\n<p><em><strong>Nanofibras funcionais: desenvolvimento e aplica\u00e7\u00f5es na agricultura e meio-ambiente<\/strong><\/em><\/p>\n<div class=\"video-shortcode\"><iframe loading=\"lazy\" title=\"e-Mat&amp;Sci2 | Palestra 6 \u2013 Daniel Corr\u00eaa\" width=\"1280\" height=\"720\" src=\"https:\/\/www.youtube.com\/embed\/-Jd-dgtug5o?feature=oembed\" frameborder=\"0\" allow=\"accelerometer; autoplay; clipboard-write; encrypted-media; gyroscope; picture-in-picture\" allowfullscreen><\/iframe><\/div>\n<hr \/>\n<h2><\/h2>\n<h3 class=\"title style-scope ytd-video-primary-info-renderer\"><strong>18h | Encerramento<\/strong><\/h3>\n<div class=\"video-shortcode\"><iframe loading=\"lazy\" title=\"e-Mat&amp;Sci2 | Encerramento\" width=\"1280\" height=\"720\" src=\"https:\/\/www.youtube.com\/embed\/1J2Gb33r3u4?feature=oembed\" frameborder=\"0\" allow=\"accelerometer; autoplay; clipboard-write; encrypted-media; gyroscope; picture-in-picture\" allowfullscreen><\/iframe><\/div>\n","protected":false},"excerpt":{"rendered":"<p>Dia 1 (09\/11) 9h | Abertura \u2013 Prof. Elson Longo da Silva e Profa. Lucia Helena Mascaro 9h30 | Palestra 1 \u2013 [&hellip;]<\/p>\n","protected":false},"author":1,"featured_media":0,"parent":0,"menu_order":0,"comment_status":"closed","ping_status":"closed","template":"","meta":{"_monsterinsights_skip_tracking":false,"_monsterinsights_sitenote_active":false,"_monsterinsights_sitenote_note":"","_monsterinsights_sitenote_category":0,"footnotes":""},"class_list":["post-2051","page","type-page","status-publish","hentry"],"_links":{"self":[{"href":"https:\/\/cdmf.org.br\/e-meeting\/wp-json\/wp\/v2\/pages\/2051","targetHints":{"allow":["GET"]}}],"collection":[{"href":"https:\/\/cdmf.org.br\/e-meeting\/wp-json\/wp\/v2\/pages"}],"about":[{"href":"https:\/\/cdmf.org.br\/e-meeting\/wp-json\/wp\/v2\/types\/page"}],"author":[{"embeddable":true,"href":"https:\/\/cdmf.org.br\/e-meeting\/wp-json\/wp\/v2\/users\/1"}],"replies":[{"embeddable":true,"href":"https:\/\/cdmf.org.br\/e-meeting\/wp-json\/wp\/v2\/comments?post=2051"}],"version-history":[{"count":9,"href":"https:\/\/cdmf.org.br\/e-meeting\/wp-json\/wp\/v2\/pages\/2051\/revisions"}],"predecessor-version":[{"id":2061,"href":"https:\/\/cdmf.org.br\/e-meeting\/wp-json\/wp\/v2\/pages\/2051\/revisions\/2061"}],"wp:attachment":[{"href":"https:\/\/cdmf.org.br\/e-meeting\/wp-json\/wp\/v2\/media?parent=2051"}],"curies":[{"name":"wp","href":"https:\/\/api.w.org\/{rel}","templated":true}]}}